{"id":98,"date":"2016-04-25T13:53:42","date_gmt":"2016-04-25T13:53:42","guid":{"rendered":"https:\/\/oceanwp.org\/underwear\/product\/winsom-hipster-copy-8\/"},"modified":"2024-05-18T17:08:22","modified_gmt":"2024-05-18T17:08:22","slug":"les-wipers4-dedicaces","status":"publish","type":"product","link":"https:\/\/wipytoys-studio.fr\/?product=les-wipers4-dedicaces","title":{"rendered":"LES WIPERS 4 \u2013 D\u00c9DICACES (LIVRE BLANC)"},"content":{"rendered":"<p><strong>D\u00e9dicace (version A4 blanc)<\/strong><\/p>\n<p>Dessins version couleur et noir et blanc.<\/p>\n<p>Paco Salamander pr\u00e9sente sa premi\u00e8re s\u00e9lection de d\u00e9dicaces revisit\u00e9es. Lorsqu\u2019il eu l\u2019id\u00e9e de cr\u00e9er cette compilation in\u00e9dite, inspir\u00e9e par les dessins r\u00e9alis\u00e9s pour ses lecteurs, il a imm\u00e9diatement su que quelque chose d\u2019original \u00e9tait en train de na\u00eetre.<\/p>\n<p>En effet ces dessins, ces mots sinc\u00e8res et chaleureux encr\u00e9s spontan\u00e9ment au fil des rencontres pour ceux notamment qui ont v\u00e9cu les premi\u00e8res aventures des Wipers, sont v\u00e9ritablement le c\u0153ur battant de cet ouvrage unique en son genre dans le milieu de la bande dessin\u00e9e\u2026<\/p>\n<p>Les Wipers, ces petites boules de poils d\u00e9jant\u00e9es qui luttent pour la renaissance de la Terre apr\u00e8s le passage d\u00e9vastateur des Hommes, sont n\u00e9s en 1987 dans la t\u00eate de Paco alors qu\u2019il \u00e9tait encore \u00e9tudiant en arts. Apr\u00e8s avoir offici\u00e9 dans les jeux vid\u00e9o sur Adibou, Adiboud\u2019chou et Adi durant 15 ans comme animateur, coloriste et lead-animateur, il leur consacre enfin des albooms \u00e0 partir de 2016 et l\u2019aventure se poursuit\u2026<\/p>\n","protected":false},"excerpt":{"rendered":"<p><strong>D\u00e9dicace (version A4 blanc)<\/strong><\/p>\n<p>Un dessin couleur tout les 5 dessins noir et blanc.<\/p>\n<p>Paco Salamander pr\u00e9sente sa premi\u00e8re s\u00e9lection de d\u00e9dicaces revisit\u00e9es. Lorsqu\u2019il eu l\u2019id\u00e9e de cr\u00e9er cette compilation in\u00e9dite, inspir\u00e9e par les dessins r\u00e9alis\u00e9s pour ses lecteurs, il a imm\u00e9diatement su que quelque chose d\u2019original \u00e9tait en train de na\u00eetre.<\/p>\n<p>En effet ces dessins, ces mots sinc\u00e8res et chaleureux encr\u00e9s spontan\u00e9ment au fil des rencontres pour ceux notamment qui ont v\u00e9cu les premi\u00e8res aventures des Wipers, sont v\u00e9ritablement le c\u0153ur battant de cet ouvrage unique en son genre dans le milieu de la bande dessin\u00e9e\u2026<\/p>\n<p>Les Wipers, ces petites boules de poils d\u00e9jant\u00e9es qui luttent pour la renaissance de la Terre apr\u00e8s le passage d\u00e9vastateur des Hommes, sont n\u00e9s en 1987 dans la t\u00eate de Paco alors qu\u2019il \u00e9tait encore \u00e9tudiant en arts. Apr\u00e8s avoir offici\u00e9 dans les jeux vid\u00e9o sur Adibou, Adiboud\u2019chou et Adi durant 15 ans comme animateur, coloriste et lead-animateur, il leur consacre enfin des albooms \u00e0 partir de 2016 et l\u2019aventure se poursuit\u2026<\/p>\n","protected":false},"featured_media":847,"comment_status":"open","ping_status":"closed","template":"","meta":{"ocean_post_layout":"","ocean_both_sidebars_style":"","ocean_both_sidebars_content_width":0,"ocean_both_sidebars_sidebars_width":0,"ocean_sidebar":"0","ocean_second_sidebar":"0","ocean_disable_margins":"enable","ocean_add_body_class":"","ocean_shortcode_before_top_bar":"","ocean_shortcode_after_top_bar":"","ocean_shortcode_before_header":"","ocean_shortcode_after_header":"","ocean_has_shortcode":"","ocean_shortcode_after_title":"","ocean_shortcode_before_footer_widgets":"","ocean_shortcode_after_footer_widgets":"","ocean_shortcode_before_footer_bottom":"","ocean_shortcode_after_footer_bottom":"","ocean_display_top_bar":"default","ocean_display_header":"default","ocean_header_style":"","ocean_center_header_left_menu":"0","ocean_custom_header_template":"0","ocean_custom_logo":0,"ocean_custom_retina_logo":0,"ocean_custom_logo_max_width":0,"ocean_custom_logo_tablet_max_width":0,"ocean_custom_logo_mobile_max_width":0,"ocean_custom_logo_max_height":0,"ocean_custom_logo_tablet_max_height":0,"ocean_custom_logo_mobile_max_height":0,"ocean_header_custom_menu":"0","ocean_menu_typo_font_family":"0","ocean_menu_typo_font_subset":"","ocean_menu_typo_font_size":0,"ocean_menu_typo_font_size_tablet":0,"ocean_menu_typo_font_size_mobile":0,"ocean_menu_typo_font_size_unit":"px","ocean_menu_typo_font_weight":"","ocean_menu_typo_font_weight_tablet":"","ocean_menu_typo_font_weight_mobile":"","ocean_menu_typo_transform":"","ocean_menu_typo_transform_tablet":"","ocean_menu_typo_transform_mobile":"","ocean_menu_typo_line_height":0,"ocean_menu_typo_line_height_tablet":0,"ocean_menu_typo_line_height_mobile":0,"ocean_menu_typo_line_height_unit":"","ocean_menu_typo_spacing":0,"ocean_menu_typo_spacing_tablet":0,"ocean_menu_typo_spacing_mobile":0,"ocean_menu_typo_spacing_unit":"","ocean_menu_link_color":"","ocean_menu_link_color_hover":"","ocean_menu_link_color_active":"","ocean_menu_link_background":"","ocean_menu_link_hover_background":"","ocean_menu_link_active_background":"","ocean_menu_social_links_bg":"","ocean_menu_social_hover_links_bg":"","ocean_menu_social_links_color":"","ocean_menu_social_hover_links_color":"","ocean_disable_title":"default","ocean_disable_heading":"default","ocean_post_title":"","ocean_post_subheading":"","ocean_post_title_style":"","ocean_post_title_background_color":"","ocean_post_title_background":0,"ocean_post_title_bg_image_position":"","ocean_post_title_bg_image_attachment":"","ocean_post_title_bg_image_repeat":"","ocean_post_title_bg_image_size":"","ocean_post_title_height":0,"ocean_post_title_bg_overlay":0.5,"ocean_post_title_bg_overlay_color":"","ocean_disable_breadcrumbs":"default","ocean_breadcrumbs_color":"","ocean_breadcrumbs_separator_color":"","ocean_breadcrumbs_links_color":"","ocean_breadcrumbs_links_hover_color":"","ocean_display_footer_widgets":"default","ocean_display_footer_bottom":"default","ocean_custom_footer_template":"0","omw_enable_modal_window":"enable"},"product_brand":[],"product_cat":[85,26],"product_tag":[88,90,87,89,86],"class_list":{"0":"post-98","1":"product","2":"type-product","3":"status-publish","4":"has-post-thumbnail","6":"product_cat-artbook","7":"product_cat-bandes-dessinees","8":"product_tag-artbook","9":"product_tag-artbook-paco-salamander","10":"product_tag-les-wipers","11":"product_tag-wipers-artbook","12":"product_tag-wipers-dedicaces","14":"entry","15":"has-media","17":"first","18":"instock","19":"taxable","20":"shipping-taxable","21":"purchasable","22":"product-type-variable","23":"has-default-attributes","24":"has-product-nav","25":"col","26":"span_1_of_3","27":"owp-content-center","28":"owp-thumbs-layout-horizontal","29":"owp-btn-normal","30":"owp-tabs-layout-horizontal"},"jetpack_sharing_enabled":true,"_links":{"self":[{"href":"https:\/\/wipytoys-studio.fr\/index.php?rest_route=\/wp\/v2\/product\/98","targetHints":{"allow":["GET"]}}],"collection":[{"href":"https:\/\/wipytoys-studio.fr\/index.php?rest_route=\/wp\/v2\/product"}],"about":[{"href":"https:\/\/wipytoys-studio.fr\/index.php?rest_route=\/wp\/v2\/types\/product"}],"replies":[{"embeddable":true,"href":"https:\/\/wipytoys-studio.fr\/index.php?rest_route=%2Fwp%2Fv2%2Fcomments&post=98"}],"version-history":[{"count":5,"href":"https:\/\/wipytoys-studio.fr\/index.php?rest_route=\/wp\/v2\/product\/98\/revisions"}],"predecessor-version":[{"id":849,"href":"https:\/\/wipytoys-studio.fr\/index.php?rest_route=\/wp\/v2\/product\/98\/revisions\/849"}],"wp:featuredmedia":[{"embeddable":true,"href":"https:\/\/wipytoys-studio.fr\/index.php?rest_route=\/wp\/v2\/media\/847"}],"wp:attachment":[{"href":"https:\/\/wipytoys-studio.fr\/index.php?rest_route=%2Fwp%2Fv2%2Fmedia&parent=98"}],"wp:term":[{"taxonomy":"product_brand","embeddable":true,"href":"https:\/\/wipytoys-studio.fr\/index.php?rest_route=%2Fwp%2Fv2%2Fproduct_brand&post=98"},{"taxonomy":"product_cat","embeddable":true,"href":"https:\/\/wipytoys-studio.fr\/index.php?rest_route=%2Fwp%2Fv2%2Fproduct_cat&post=98"},{"taxonomy":"product_tag","embeddable":true,"href":"https:\/\/wipytoys-studio.fr\/index.php?rest_route=%2Fwp%2Fv2%2Fproduct_tag&post=98"}],"curies":[{"name":"wp","href":"https:\/\/api.w.org\/{rel}","templated":true}]}}