{"id":86,"date":"2016-04-25T13:30:18","date_gmt":"2016-04-25T13:30:18","guid":{"rendered":"https:\/\/oceanwp.org\/underwear\/?post_type=product&#038;p=86"},"modified":"2024-05-18T03:37:07","modified_gmt":"2024-05-18T03:37:07","slug":"les-chroniques-non-essentielles-de-a-a-z","status":"publish","type":"product","link":"https:\/\/wipytoys-studio.fr\/?product=les-chroniques-non-essentielles-de-a-a-z","title":{"rendered":"Les Chroniques (non) Essentielles de A \u00e0 Z"},"content":{"rendered":"\t\t<div data-elementor-type=\"wp-post\" data-elementor-id=\"86\" class=\"elementor elementor-86\">\n\t\t\t\t<div class=\"elementor-element elementor-element-e03a97c e-grid e-con-boxed wpr-particle-no wpr-jarallax-no wpr-parallax-no wpr-sticky-section-no wpr-equal-height-no e-con e-parent\" data-id=\"e03a97c\" data-element_type=\"container\" data-e-type=\"container\">\n\t\t\t\t\t<div class=\"e-con-inner\">\n\t\t\t\t<div class=\"elementor-element elementor-element-5e27576 elementor-widget elementor-widget-text-editor\" data-id=\"5e27576\" data-element_type=\"widget\" data-e-type=\"widget\" data-widget_type=\"text-editor.default\">\n\t\t\t\t<div class=\"elementor-widget-container\">\n\t\t\t\t\t\t\t\t\t<p>Auteurs : collectif<\/p><p>Editeur : Un Point C&rsquo;est Tout !<\/p>\t\t\t\t\t\t\t\t<\/div>\n\t\t\t\t<\/div>\n\t\t\t\t\t<\/div>\n\t\t\t\t<\/div>\n\t\t\t\t<\/div>\n\t\t","protected":false},"excerpt":{"rendered":"<p><strong>Ann\u00e9es Covid\u00e9es<\/strong><\/p>\n<p>26 lettres de l&rsquo;alphabet, 26 id\u00e9es ou histoires renvoyant aux \u00ab\u00a0ann\u00e9es covid\u00e9es\u00a0\u00bb.<\/p>\n<p>Le r\u00e9sultat vous le tenez dans vos mains.<\/p>\n<p>Nous les auteurs du pr\u00e9sent ouvrage, s&rsquo;il nous a permis un temps d&rsquo;\u00e9chapper au r\u00e9el par l&rsquo;imaginaire que conf\u00e8re la BD, qu&rsquo;il fasse de m\u00eame avec vous le temps de sa lecture !<\/p>\n","protected":false},"featured_media":781,"comment_status":"open","ping_status":"closed","template":"","meta":{"ocean_post_layout":"","ocean_both_sidebars_style":"","ocean_both_sidebars_content_width":0,"ocean_both_sidebars_sidebars_width":0,"ocean_sidebar":"0","ocean_second_sidebar":"0","ocean_disable_margins":"enable","ocean_add_body_class":"","ocean_shortcode_before_top_bar":"","ocean_shortcode_after_top_bar":"","ocean_shortcode_before_header":"","ocean_shortcode_after_header":"","ocean_has_shortcode":"","ocean_shortcode_after_title":"","ocean_shortcode_before_footer_widgets":"","ocean_shortcode_after_footer_widgets":"","ocean_shortcode_before_footer_bottom":"","ocean_shortcode_after_footer_bottom":"","ocean_display_top_bar":"default","ocean_display_header":"default","ocean_header_style":"","ocean_center_header_left_menu":"0","ocean_custom_header_template":"0","ocean_custom_logo":0,"ocean_custom_retina_logo":0,"ocean_custom_logo_max_width":0,"ocean_custom_logo_tablet_max_width":0,"ocean_custom_logo_mobile_max_width":0,"ocean_custom_logo_max_height":0,"ocean_custom_logo_tablet_max_height":0,"ocean_custom_logo_mobile_max_height":0,"ocean_header_custom_menu":"0","ocean_menu_typo_font_family":"0","ocean_menu_typo_font_subset":"","ocean_menu_typo_font_size":0,"ocean_menu_typo_font_size_tablet":0,"ocean_menu_typo_font_size_mobile":0,"ocean_menu_typo_font_size_unit":"px","ocean_menu_typo_font_weight":"","ocean_menu_typo_font_weight_tablet":"","ocean_menu_typo_font_weight_mobile":"","ocean_menu_typo_transform":"","ocean_menu_typo_transform_tablet":"","ocean_menu_typo_transform_mobile":"","ocean_menu_typo_line_height":0,"ocean_menu_typo_line_height_tablet":0,"ocean_menu_typo_line_height_mobile":0,"ocean_menu_typo_line_height_unit":"","ocean_menu_typo_spacing":0,"ocean_menu_typo_spacing_tablet":0,"ocean_menu_typo_spacing_mobile":0,"ocean_menu_typo_spacing_unit":"","ocean_menu_link_color":"","ocean_menu_link_color_hover":"","ocean_menu_link_color_active":"","ocean_menu_link_background":"","ocean_menu_link_hover_background":"","ocean_menu_link_active_background":"","ocean_menu_social_links_bg":"","ocean_menu_social_hover_links_bg":"","ocean_menu_social_links_color":"","ocean_menu_social_hover_links_color":"","ocean_disable_title":"default","ocean_disable_heading":"default","ocean_post_title":"","ocean_post_subheading":"","ocean_post_title_style":"","ocean_post_title_background_color":"","ocean_post_title_background":0,"ocean_post_title_bg_image_position":"","ocean_post_title_bg_image_attachment":"","ocean_post_title_bg_image_repeat":"","ocean_post_title_bg_image_size":"","ocean_post_title_height":0,"ocean_post_title_bg_overlay":0.5,"ocean_post_title_bg_overlay_color":"","ocean_disable_breadcrumbs":"default","ocean_breadcrumbs_color":"","ocean_breadcrumbs_separator_color":"","ocean_breadcrumbs_links_color":"","ocean_breadcrumbs_links_hover_color":"","ocean_display_footer_widgets":"default","ocean_display_footer_bottom":"default","ocean_custom_footer_template":"0","omw_enable_modal_window":"enable"},"product_brand":[],"product_cat":[26],"product_tag":[78,75,49,61,42,76,65,57,70,73,69,51,48,45,43,46,56,71,44,66,62,52,53,41,60,59,74,63,50,68,54,72,55,64,77,47,67,58],"class_list":{"0":"post-86","1":"product","2":"type-product","3":"status-publish","4":"has-post-thumbnail","6":"product_cat-bandes-dessinees","7":"product_tag-a-dan-daniel-alexandre","8":"product_tag-abdel-de-bruxelles","9":"product_tag-alain-guillo","10":"product_tag-amelie-sarn","11":"product_tag-annees-covidees","12":"product_tag-aurelien-ducoudray","13":"product_tag-beatrice-tillier","14":"product_tag-camille-raveau","15":"product_tag-cecile-gabriele","16":"product_tag-celine-theraulaz","17":"product_tag-chandre","18":"product_tag-christian-paty","19":"product_tag-comexpo2a","20":"product_tag-coronavirus","21":"product_tag-covid","22":"product_tag-covid-19","23":"product_tag-czek","24":"product_tag-david-canion","25":"product_tag-didier-raoult","26":"product_tag-giemsi","27":"product_tag-jack-domon","28":"product_tag-jimm","29":"product_tag-laurent-galandon","30":"product_tag-les-chroniques-essentielles","31":"product_tag-lise-garcon","32":"product_tag-lolita-roger","33":"product_tag-marc-hardy","34":"product_tag-olivier-brazao","35":"product_tag-paco-salamander","36":"product_tag-papybic-frederic-bossu","37":"product_tag-paskal-millet","38":"product_tag-sylvain-moizie","39":"product_tag-thierry-martin","40":"product_tag-thomas-mosdi","41":"product_tag-tim-charx-timothee-chary","42":"product_tag-un-point-cest-tout","43":"product_tag-val-bd","44":"product_tag-vincent-bailly","46":"entry","47":"has-media","49":"first","50":"instock","51":"taxable","52":"shipping-taxable","53":"purchasable","54":"product-type-variable","55":"has-default-attributes","56":"has-product-nav","57":"col","58":"span_1_of_3","59":"owp-content-center","60":"owp-thumbs-layout-horizontal","61":"owp-btn-normal","62":"owp-tabs-layout-horizontal"},"jetpack_sharing_enabled":true,"_links":{"self":[{"href":"https:\/\/wipytoys-studio.fr\/index.php?rest_route=\/wp\/v2\/product\/86","targetHints":{"allow":["GET"]}}],"collection":[{"href":"https:\/\/wipytoys-studio.fr\/index.php?rest_route=\/wp\/v2\/product"}],"about":[{"href":"https:\/\/wipytoys-studio.fr\/index.php?rest_route=\/wp\/v2\/types\/product"}],"replies":[{"embeddable":true,"href":"https:\/\/wipytoys-studio.fr\/index.php?rest_route=%2Fwp%2Fv2%2Fcomments&post=86"}],"version-history":[{"count":5,"href":"https:\/\/wipytoys-studio.fr\/index.php?rest_route=\/wp\/v2\/product\/86\/revisions"}],"predecessor-version":[{"id":1206,"href":"https:\/\/wipytoys-studio.fr\/index.php?rest_route=\/wp\/v2\/product\/86\/revisions\/1206"}],"wp:featuredmedia":[{"embeddable":true,"href":"https:\/\/wipytoys-studio.fr\/index.php?rest_route=\/wp\/v2\/media\/781"}],"wp:attachment":[{"href":"https:\/\/wipytoys-studio.fr\/index.php?rest_route=%2Fwp%2Fv2%2Fmedia&parent=86"}],"wp:term":[{"taxonomy":"product_brand","embeddable":true,"href":"https:\/\/wipytoys-studio.fr\/index.php?rest_route=%2Fwp%2Fv2%2Fproduct_brand&post=86"},{"taxonomy":"product_cat","embeddable":true,"href":"https:\/\/wipytoys-studio.fr\/index.php?rest_route=%2Fwp%2Fv2%2Fproduct_cat&post=86"},{"taxonomy":"product_tag","embeddable":true,"href":"https:\/\/wipytoys-studio.fr\/index.php?rest_route=%2Fwp%2Fv2%2Fproduct_tag&post=86"}],"curies":[{"name":"wp","href":"https:\/\/api.w.org\/{rel}","templated":true}]}}