{"id":4883,"date":"2024-11-14T13:55:55","date_gmt":"2024-11-14T13:55:55","guid":{"rendered":"https:\/\/wipytoys-studio.fr\/?post_type=product&#038;p=4883"},"modified":"2024-11-14T13:55:56","modified_gmt":"2024-11-14T13:55:56","slug":"acrylique-sur-toile-pif","status":"publish","type":"product","link":"https:\/\/wipytoys-studio.fr\/?product=acrylique-sur-toile-pif","title":{"rendered":"Acrylique sur toile PIF"},"content":{"rendered":"<p><strong>Format :<\/strong> 30 x 40 cm<\/p>\n<p><strong>Technique :<\/strong> Acrylique sur toile<\/p>\n","protected":false},"excerpt":{"rendered":"<p>Hommage \u00e0 J.C. Arnal. Un PIF le chien peint \u00e0 l&rsquo;occasion du festival de BD \u00ab\u00a0Bulles en cases\u00a0\u00bb de Graulhet.<\/p>\n<p><strong>Pour la petite histoire :<\/strong><\/p>\n<p>En 2018, pour les 70 ans de PIF, j&rsquo;avais fait en sorte de r\u00e9unir pour la premi\u00e8re \u00e9dition du festival, les auteurs majeur du Journal de PIF (Nikita Mandryka, Fran\u00e7ois Corteggiani, Mircea Arapu, Herl\u00e9, Eric Ivars, Bonaventure&#8230;). Plusieurs semaines \u00e0 concevoir l&rsquo;affiche, sous l&rsquo;\u0153il avis\u00e9 de Fran\u00e7ois. Un \u00e9norme g\u00e2teau avait r\u00e9alis\u00e9 pour l&rsquo;occasion reprenant le visuel de l&rsquo;affiche ! Un bel hommage que cette \u00e9dition inoubliable \u00e0 divers points de vue. Nous avions mis le paquet comme on dit ! Fran\u00e7ois Corteggiani \u00e9tait reparti avec l&rsquo;une des PLV en bois que j&rsquo;avais cr\u00e9\u00e9 \u00e0 l&rsquo;effigie de PIF.<\/p>\n","protected":false},"featured_media":4884,"comment_status":"closed","ping_status":"closed","template":"","meta":{"ocean_post_layout":"","ocean_both_sidebars_style":"","ocean_both_sidebars_content_width":0,"ocean_both_sidebars_sidebars_width":0,"ocean_sidebar":"0","ocean_second_sidebar":"0","ocean_disable_margins":"enable","ocean_add_body_class":"","ocean_shortcode_before_top_bar":"","ocean_shortcode_after_top_bar":"","ocean_shortcode_before_header":"","ocean_shortcode_after_header":"","ocean_has_shortcode":"","ocean_shortcode_after_title":"","ocean_shortcode_before_footer_widgets":"","ocean_shortcode_after_footer_widgets":"","ocean_shortcode_before_footer_bottom":"","ocean_shortcode_after_footer_bottom":"","ocean_display_top_bar":"default","ocean_display_header":"default","ocean_header_style":"","ocean_center_header_left_menu":"0","ocean_custom_header_template":"0","ocean_custom_logo":0,"ocean_custom_retina_logo":0,"ocean_custom_logo_max_width":0,"ocean_custom_logo_tablet_max_width":0,"ocean_custom_logo_mobile_max_width":0,"ocean_custom_logo_max_height":0,"ocean_custom_logo_tablet_max_height":0,"ocean_custom_logo_mobile_max_height":0,"ocean_header_custom_menu":"0","ocean_menu_typo_font_family":"0","ocean_menu_typo_font_subset":"","ocean_menu_typo_font_size":0,"ocean_menu_typo_font_size_tablet":0,"ocean_menu_typo_font_size_mobile":0,"ocean_menu_typo_font_size_unit":"px","ocean_menu_typo_font_weight":"","ocean_menu_typo_font_weight_tablet":"","ocean_menu_typo_font_weight_mobile":"","ocean_menu_typo_transform":"","ocean_menu_typo_transform_tablet":"","ocean_menu_typo_transform_mobile":"","ocean_menu_typo_line_height":0,"ocean_menu_typo_line_height_tablet":0,"ocean_menu_typo_line_height_mobile":0,"ocean_menu_typo_line_height_unit":"","ocean_menu_typo_spacing":0,"ocean_menu_typo_spacing_tablet":0,"ocean_menu_typo_spacing_mobile":0,"ocean_menu_typo_spacing_unit":"","ocean_menu_link_color":"","ocean_menu_link_color_hover":"","ocean_menu_link_color_active":"","ocean_menu_link_background":"","ocean_menu_link_hover_background":"","ocean_menu_link_active_background":"","ocean_menu_social_links_bg":"","ocean_menu_social_hover_links_bg":"","ocean_menu_social_links_color":"","ocean_menu_social_hover_links_color":"","ocean_disable_title":"default","ocean_disable_heading":"default","ocean_post_title":"","ocean_post_subheading":"","ocean_post_title_style":"","ocean_post_title_background_color":"","ocean_post_title_background":0,"ocean_post_title_bg_image_position":"","ocean_post_title_bg_image_attachment":"","ocean_post_title_bg_image_repeat":"","ocean_post_title_bg_image_size":"","ocean_post_title_height":0,"ocean_post_title_bg_overlay":0.5,"ocean_post_title_bg_overlay_color":"","ocean_disable_breadcrumbs":"default","ocean_breadcrumbs_color":"","ocean_breadcrumbs_separator_color":"","ocean_breadcrumbs_links_color":"","ocean_breadcrumbs_links_hover_color":"","ocean_display_footer_widgets":"default","ocean_display_footer_bottom":"default","ocean_custom_footer_template":"0","omw_enable_modal_window":"enable"},"product_brand":[],"product_cat":[130],"product_tag":[696,697,698,695],"class_list":{"0":"post-4883","1":"product","2":"type-product","3":"status-publish","4":"has-post-thumbnail","6":"product_cat-peinture","7":"product_tag-arnal","8":"product_tag-jose-cabrero-arnal","9":"product_tag-pif-gadget","10":"product_tag-pif-le-chien","12":"entry","13":"has-media","15":"first","16":"instock","17":"taxable","18":"shipping-taxable","19":"purchasable","20":"product-type-simple","21":"has-product-nav","22":"col","23":"span_1_of_3","24":"owp-content-center","25":"owp-thumbs-layout-horizontal","26":"owp-btn-normal","27":"owp-tabs-layout-horizontal"},"jetpack_sharing_enabled":true,"_links":{"self":[{"href":"https:\/\/wipytoys-studio.fr\/index.php?rest_route=\/wp\/v2\/product\/4883","targetHints":{"allow":["GET"]}}],"collection":[{"href":"https:\/\/wipytoys-studio.fr\/index.php?rest_route=\/wp\/v2\/product"}],"about":[{"href":"https:\/\/wipytoys-studio.fr\/index.php?rest_route=\/wp\/v2\/types\/product"}],"replies":[{"embeddable":true,"href":"https:\/\/wipytoys-studio.fr\/index.php?rest_route=%2Fwp%2Fv2%2Fcomments&post=4883"}],"version-history":[{"count":2,"href":"https:\/\/wipytoys-studio.fr\/index.php?rest_route=\/wp\/v2\/product\/4883\/revisions"}],"predecessor-version":[{"id":4890,"href":"https:\/\/wipytoys-studio.fr\/index.php?rest_route=\/wp\/v2\/product\/4883\/revisions\/4890"}],"wp:featuredmedia":[{"embeddable":true,"href":"https:\/\/wipytoys-studio.fr\/index.php?rest_route=\/wp\/v2\/media\/4884"}],"wp:attachment":[{"href":"https:\/\/wipytoys-studio.fr\/index.php?rest_route=%2Fwp%2Fv2%2Fmedia&parent=4883"}],"wp:term":[{"taxonomy":"product_brand","embeddable":true,"href":"https:\/\/wipytoys-studio.fr\/index.php?rest_route=%2Fwp%2Fv2%2Fproduct_brand&post=4883"},{"taxonomy":"product_cat","embeddable":true,"href":"https:\/\/wipytoys-studio.fr\/index.php?rest_route=%2Fwp%2Fv2%2Fproduct_cat&post=4883"},{"taxonomy":"product_tag","embeddable":true,"href":"https:\/\/wipytoys-studio.fr\/index.php?rest_route=%2Fwp%2Fv2%2Fproduct_tag&post=4883"}],"curies":[{"name":"wp","href":"https:\/\/api.w.org\/{rel}","templated":true}]}}