{"id":4440,"date":"2024-10-28T17:37:50","date_gmt":"2024-10-28T17:37:50","guid":{"rendered":"https:\/\/wipytoys-studio.fr\/?post_type=product&#038;p=4440"},"modified":"2024-10-28T17:46:41","modified_gmt":"2024-10-28T17:46:41","slug":"usa-1950-monstre-ovni-original","status":"publish","type":"product","link":"https:\/\/wipytoys-studio.fr\/?product=usa-1950-monstre-ovni-original","title":{"rendered":"USA 1950 &#8211; Monstre OVNI original"},"content":{"rendered":"<p><strong>Taille :<\/strong> 7,5 cm.<\/p>\n<p><strong>Poids :<\/strong>\u00a0environ 60g.<\/p>\n<p>Figurine ufo peinte \u00e0 la main !<\/p>\n<p>Inspir\u00e9 des grands classiques d\u2019observation \u00e0 travers le monde.<\/p>\n<p><em><strong>ps :<\/strong>\u00a0Les figurines, produites et peintes \u00e0 la main, peuvent varier dans les teintes et leur pr\u00e9sentation.<\/em><\/p>\n<p><strong>Fiche technique PDF :<\/strong><\/p>\n<p style=\"text-align: left;\"><a href=\"https:\/\/wipytoys-studio.fr\/wp-content\/uploads\/2024\/10\/Monstre-USA-1950_FRANCAIS.pdf\" target=\"_blank\" rel=\"noopener\"><img fetchpriority=\"high\" decoding=\"async\" class=\"alignnone wp-image-4454 size-medium\" src=\"https:\/\/wipytoys-studio.fr\/wp-content\/uploads\/2024\/10\/USA1950-14-212x300.jpg\" alt=\"\" width=\"212\" height=\"300\" srcset=\"https:\/\/wipytoys-studio.fr\/wp-content\/uploads\/2024\/10\/USA1950-14-212x300.jpg 212w, https:\/\/wipytoys-studio.fr\/wp-content\/uploads\/2024\/10\/USA1950-14-433x612.jpg 433w, https:\/\/wipytoys-studio.fr\/wp-content\/uploads\/2024\/10\/USA1950-14.jpg 707w\" sizes=\"(max-width: 212px) 100vw, 212px\" \/><\/a><\/p>\n<p><em>R\u00e9alisation en r\u00e9sine de coul\u00e9e*. Ces tirages sont extr\u00eamement limit\u00e9s du fait qu\u2019il n\u2019existe qu\u2019un moule RTV pour chaque pi\u00e8ce.<\/em><\/p>\n<p><a href=\"https:\/\/wipytoys-studio.fr\/wp-content\/uploads\/2024\/10\/Precautions.jpg\"><img decoding=\"async\" class=\"alignnone wp-image-4436 size-medium\" src=\"https:\/\/wipytoys-studio.fr\/wp-content\/uploads\/2024\/10\/Precautions-300x113.jpg\" alt=\"\" width=\"300\" height=\"113\" srcset=\"https:\/\/wipytoys-studio.fr\/wp-content\/uploads\/2024\/10\/Precautions-300x113.jpg 300w, https:\/\/wipytoys-studio.fr\/wp-content\/uploads\/2024\/10\/Precautions-433x163.jpg 433w, https:\/\/wipytoys-studio.fr\/wp-content\/uploads\/2024\/10\/Precautions.jpg 600w\" sizes=\"(max-width: 300px) 100vw, 300px\" \/><\/a><\/p>\n<p><img decoding=\"async\" class=\"size-full wp-image-4392 alignnone\" src=\"https:\/\/wipytoys-studio.fr\/wp-content\/uploads\/2024\/10\/Attention-logo.png\" alt=\"\" width=\"152\" height=\"135\" \/><\/p>\n<p><em>* Les pi\u00e8ces une fois solidifi\u00e9es ont la r\u00e9sistance de la pierre. En cas de chute elles peuvent se briser mais elles r\u00e9sistent aux chocs. La peinture en revanche est plus fragile, il s\u2019agit donc d\u2019objets collector destin\u00e9s \u00e0 \u00eatre expos\u00e9s et non de jouets pour enfants !<\/em><\/p>\n","protected":false},"excerpt":{"rendered":"<p>Ce type d\u2019extraterrestre fut observ\u00e9 essentiellement aux Etats-Unis durant la grande vague d\u2019observations entre 1947 et 1950. G\u00e9n\u00e9ralement velues et mesurant parfois plus de 2 m\u00e8tres, ces cr\u00e9atures ont une grosse t\u00eate en forme de citrouille, des pattes griffues et de grands yeux lumineux rougeoyants. Pr\u00e9levant \u00e7a et l\u00e0 quelques \u00e9chantillons de sp\u00e9cimens biologiques sur notre plan\u00e8te. Il ne faut pas les confondre avec le Yeti de l\u2019Himalaya, le Big Foot du nord des Etats-Unis ou m\u00eame le Sasquatch Canadien.<\/p>\n<p>&nbsp;<\/p>\n","protected":false},"featured_media":4448,"comment_status":"closed","ping_status":"closed","template":"","meta":{"ocean_post_layout":"","ocean_both_sidebars_style":"","ocean_both_sidebars_content_width":0,"ocean_both_sidebars_sidebars_width":0,"ocean_sidebar":"0","ocean_second_sidebar":"0","ocean_disable_margins":"enable","ocean_add_body_class":"","ocean_shortcode_before_top_bar":"","ocean_shortcode_after_top_bar":"","ocean_shortcode_before_header":"","ocean_shortcode_after_header":"","ocean_has_shortcode":"","ocean_shortcode_after_title":"","ocean_shortcode_before_footer_widgets":"","ocean_shortcode_after_footer_widgets":"","ocean_shortcode_before_footer_bottom":"","ocean_shortcode_after_footer_bottom":"","ocean_display_top_bar":"default","ocean_display_header":"default","ocean_header_style":"","ocean_center_header_left_menu":"0","ocean_custom_header_template":"0","ocean_custom_logo":0,"ocean_custom_retina_logo":0,"ocean_custom_logo_max_width":0,"ocean_custom_logo_tablet_max_width":0,"ocean_custom_logo_mobile_max_width":0,"ocean_custom_logo_max_height":0,"ocean_custom_logo_tablet_max_height":0,"ocean_custom_logo_mobile_max_height":0,"ocean_header_custom_menu":"0","ocean_menu_typo_font_family":"0","ocean_menu_typo_font_subset":"","ocean_menu_typo_font_size":0,"ocean_menu_typo_font_size_tablet":0,"ocean_menu_typo_font_size_mobile":0,"ocean_menu_typo_font_size_unit":"px","ocean_menu_typo_font_weight":"","ocean_menu_typo_font_weight_tablet":"","ocean_menu_typo_font_weight_mobile":"","ocean_menu_typo_transform":"","ocean_menu_typo_transform_tablet":"","ocean_menu_typo_transform_mobile":"","ocean_menu_typo_line_height":0,"ocean_menu_typo_line_height_tablet":0,"ocean_menu_typo_line_height_mobile":0,"ocean_menu_typo_line_height_unit":"","ocean_menu_typo_spacing":0,"ocean_menu_typo_spacing_tablet":0,"ocean_menu_typo_spacing_mobile":0,"ocean_menu_typo_spacing_unit":"","ocean_menu_link_color":"","ocean_menu_link_color_hover":"","ocean_menu_link_color_active":"","ocean_menu_link_background":"","ocean_menu_link_hover_background":"","ocean_menu_link_active_background":"","ocean_menu_social_links_bg":"","ocean_menu_social_hover_links_bg":"","ocean_menu_social_links_color":"","ocean_menu_social_hover_links_color":"","ocean_disable_title":"default","ocean_disable_heading":"default","ocean_post_title":"","ocean_post_subheading":"","ocean_post_title_style":"","ocean_post_title_background_color":"","ocean_post_title_background":0,"ocean_post_title_bg_image_position":"","ocean_post_title_bg_image_attachment":"","ocean_post_title_bg_image_repeat":"","ocean_post_title_bg_image_size":"","ocean_post_title_height":0,"ocean_post_title_bg_overlay":0.5,"ocean_post_title_bg_overlay_color":"","ocean_disable_breadcrumbs":"default","ocean_breadcrumbs_color":"","ocean_breadcrumbs_separator_color":"","ocean_breadcrumbs_links_color":"","ocean_breadcrumbs_links_hover_color":"","ocean_display_footer_widgets":"default","ocean_display_footer_bottom":"default","ocean_custom_footer_template":"0","omw_enable_modal_window":"enable"},"product_brand":[],"product_cat":[186],"product_tag":[544,541,536,542,543],"class_list":{"0":"post-4440","1":"product","2":"type-product","3":"status-publish","4":"has-post-thumbnail","6":"product_cat-figurines","7":"product_tag-big-foot","8":"product_tag-sasquatch","9":"product_tag-ufo","10":"product_tag-ufo-1950","11":"product_tag-yeti","13":"entry","14":"has-media","16":"first","17":"instock","18":"taxable","19":"shipping-taxable","20":"purchasable","21":"product-type-simple","22":"has-product-nav","23":"col","24":"span_1_of_3","25":"owp-content-center","26":"owp-thumbs-layout-horizontal","27":"owp-btn-normal","28":"owp-tabs-layout-horizontal"},"jetpack_sharing_enabled":true,"_links":{"self":[{"href":"https:\/\/wipytoys-studio.fr\/index.php?rest_route=\/wp\/v2\/product\/4440","targetHints":{"allow":["GET"]}}],"collection":[{"href":"https:\/\/wipytoys-studio.fr\/index.php?rest_route=\/wp\/v2\/product"}],"about":[{"href":"https:\/\/wipytoys-studio.fr\/index.php?rest_route=\/wp\/v2\/types\/product"}],"replies":[{"embeddable":true,"href":"https:\/\/wipytoys-studio.fr\/index.php?rest_route=%2Fwp%2Fv2%2Fcomments&post=4440"}],"version-history":[{"count":2,"href":"https:\/\/wipytoys-studio.fr\/index.php?rest_route=\/wp\/v2\/product\/4440\/revisions"}],"predecessor-version":[{"id":4458,"href":"https:\/\/wipytoys-studio.fr\/index.php?rest_route=\/wp\/v2\/product\/4440\/revisions\/4458"}],"wp:featuredmedia":[{"embeddable":true,"href":"https:\/\/wipytoys-studio.fr\/index.php?rest_route=\/wp\/v2\/media\/4448"}],"wp:attachment":[{"href":"https:\/\/wipytoys-studio.fr\/index.php?rest_route=%2Fwp%2Fv2%2Fmedia&parent=4440"}],"wp:term":[{"taxonomy":"product_brand","embeddable":true,"href":"https:\/\/wipytoys-studio.fr\/index.php?rest_route=%2Fwp%2Fv2%2Fproduct_brand&post=4440"},{"taxonomy":"product_cat","embeddable":true,"href":"https:\/\/wipytoys-studio.fr\/index.php?rest_route=%2Fwp%2Fv2%2Fproduct_cat&post=4440"},{"taxonomy":"product_tag","embeddable":true,"href":"https:\/\/wipytoys-studio.fr\/index.php?rest_route=%2Fwp%2Fv2%2Fproduct_tag&post=4440"}],"curies":[{"name":"wp","href":"https:\/\/api.w.org\/{rel}","templated":true}]}}