{"id":4407,"date":"2024-10-28T15:45:09","date_gmt":"2024-10-28T15:45:09","guid":{"rendered":"https:\/\/wipytoys-studio.fr\/?post_type=product&#038;p=4407"},"modified":"2024-10-28T16:27:12","modified_gmt":"2024-10-28T16:27:12","slug":"ufonaute-bibendum","status":"publish","type":"product","link":"https:\/\/wipytoys-studio.fr\/?product=ufonaute-bibendum","title":{"rendered":"Ufonaute BIBENDUM"},"content":{"rendered":"<p><strong>Taille :<\/strong> 8,5 cm.<\/p>\n<p><strong>Poids :<\/strong> environ 60g.<\/p>\n<p>Figurine ufo peinte \u00e0 la main !<\/p>\n<p>Inspir\u00e9 des grands classiques d&rsquo;observation \u00e0 travers le monde.<\/p>\n<p><em><strong>ps :<\/strong>\u00a0Les figurines, produites et peintes \u00e0 la main, peuvent varier dans les teintes et leur pr\u00e9sentation.<\/em><\/p>\n<p><span style=\"color: #3366ff;\"><strong>Fiche technique PDF :<\/strong><\/span><\/p>\n<p><a href=\"https:\/\/wipytoys-studio.fr\/wp-content\/uploads\/2024\/10\/UFO-bibendum_FRANCAIS.pdf\" target=\"_blank\" rel=\"noopener\"><img fetchpriority=\"high\" decoding=\"async\" class=\"wp-image-4425 size-medium alignnone\" src=\"https:\/\/wipytoys-studio.fr\/wp-content\/uploads\/2024\/10\/Bibendum018-212x300.jpg\" alt=\"\" width=\"212\" height=\"300\" srcset=\"https:\/\/wipytoys-studio.fr\/wp-content\/uploads\/2024\/10\/Bibendum018-212x300.jpg 212w, https:\/\/wipytoys-studio.fr\/wp-content\/uploads\/2024\/10\/Bibendum018-433x612.jpg 433w, https:\/\/wipytoys-studio.fr\/wp-content\/uploads\/2024\/10\/Bibendum018.jpg 707w\" sizes=\"(max-width: 212px) 100vw, 212px\" \/><\/a><\/p>\n<p><em>R\u00e9alisation en r\u00e9sine de coul\u00e9e*. Ces tirages sont extr\u00eamement limit\u00e9s du fait qu\u2019il n\u2019existe qu\u2019un moule RTV pour chaque pi\u00e8ce.<\/em><\/p>\n<p><a href=\"https:\/\/wipytoys-studio.fr\/wp-content\/uploads\/2024\/10\/Precautions.jpg\"><img decoding=\"async\" class=\"wp-image-4436 size-medium alignnone\" src=\"https:\/\/wipytoys-studio.fr\/wp-content\/uploads\/2024\/10\/Precautions-300x113.jpg\" alt=\"\" width=\"300\" height=\"113\" srcset=\"https:\/\/wipytoys-studio.fr\/wp-content\/uploads\/2024\/10\/Precautions-300x113.jpg 300w, https:\/\/wipytoys-studio.fr\/wp-content\/uploads\/2024\/10\/Precautions-433x163.jpg 433w, https:\/\/wipytoys-studio.fr\/wp-content\/uploads\/2024\/10\/Precautions.jpg 600w\" sizes=\"(max-width: 300px) 100vw, 300px\" \/><\/a><\/p>\n<p><img decoding=\"async\" class=\"size-full wp-image-4392 alignnone\" src=\"https:\/\/wipytoys-studio.fr\/wp-content\/uploads\/2024\/10\/Attention-logo.png\" alt=\"\" width=\"152\" height=\"135\" \/><\/p>\n<p>&nbsp;<\/p>\n<p><em>* Les pi\u00e8ces une fois solidifi\u00e9es ont la r\u00e9sistance de la pierre. En cas de chute elles peuvent se briser mais elles r\u00e9sistent aux chocs. La peinture en revanche est plus fragile, il s\u2019agit donc d&rsquo;objets collector destin\u00e9s \u00e0 \u00eatre expos\u00e9s et non de jouets pour enfants !<\/em><\/p>\n","protected":false},"excerpt":{"rendered":"<p><strong>Historique des ufonautes de type \u00ab\u00a0Bibendum\u00a0\u00bb<\/strong><\/p>\n<p>Le 31 juillet 1968, aux environs de 9h00 du matin. Un habitant de Saint Denis de La R\u00e9union, Luce Fontaine, s&rsquo;affaire \u00e0 quelque cueillette dans la Plaine des Caffres lorsqu&rsquo;il tombe nez \u00e0 nez avec les occupants d&rsquo;un dr\u00f4le d\u2019engin ovo\u00efde bleu \u00e9blouissant. La gendarmerie m\u00e8nera l&rsquo;enqu\u00eate et le directeur des services de secours notera une forte radioactivit\u00e9 sur les lieux et sur le t\u00e9moin lui-m\u00eame qui souffre d&rsquo;h\u00e9morragie nasale durant huit jours. En 1975, \u00e0 Petite \u00cele, les \u201cbibendums\u201d sont de retour \u00e0 La R\u00e9union. Cette fois l\u2019exp\u00e9rience est traumatisante pour le t\u00e9moin Antoine S\u00e9verin victime d\u2019un choc psychologique, de c\u00e9cit\u00e9 temporaire et de paralysie apr\u00e8s avoir \u00e9t\u00e9 projet\u00e9 \u00e0 terre par un puissant \u00e9clair. Ces \u00eatres de couleur argent, au nombre de trois, ne touchaient pas vraiment le sol et se d\u00e9pla\u00e7aient \u00e0 pieds joints aux abords de leur soucoupe volante en forme de chapeau. D&rsquo;autres cas d&rsquo;Ufonautes \u00ab\u00a0gonfl\u00e9s\u00a0\u00bb sont \u00e0 noter, comme celui survenu en France pr\u00e8s de Maubeuge, le 16 octobre 1954. Les t\u00e9moins d\u00e9crivent la silhouette d&rsquo;un \u00eatre mesurant environ un m\u00e8tre vingt sur 90 centim\u00e8tres de large avec des \u201cboudins\u201d autour des bras et des jambes, chauss\u00e9 de grosses bottes et portant un tr\u00e8s gros casque.<\/p>\n","protected":false},"featured_media":4412,"comment_status":"closed","ping_status":"closed","template":"","meta":{"ocean_post_layout":"","ocean_both_sidebars_style":"","ocean_both_sidebars_content_width":0,"ocean_both_sidebars_sidebars_width":0,"ocean_sidebar":"0","ocean_second_sidebar":"0","ocean_disable_margins":"enable","ocean_add_body_class":"","ocean_shortcode_before_top_bar":"","ocean_shortcode_after_top_bar":"","ocean_shortcode_before_header":"","ocean_shortcode_after_header":"","ocean_has_shortcode":"","ocean_shortcode_after_title":"","ocean_shortcode_before_footer_widgets":"","ocean_shortcode_after_footer_widgets":"","ocean_shortcode_before_footer_bottom":"","ocean_shortcode_after_footer_bottom":"","ocean_display_top_bar":"default","ocean_display_header":"default","ocean_header_style":"","ocean_center_header_left_menu":"0","ocean_custom_header_template":"0","ocean_custom_logo":0,"ocean_custom_retina_logo":0,"ocean_custom_logo_max_width":0,"ocean_custom_logo_tablet_max_width":0,"ocean_custom_logo_mobile_max_width":0,"ocean_custom_logo_max_height":0,"ocean_custom_logo_tablet_max_height":0,"ocean_custom_logo_mobile_max_height":0,"ocean_header_custom_menu":"0","ocean_menu_typo_font_family":"0","ocean_menu_typo_font_subset":"","ocean_menu_typo_font_size":0,"ocean_menu_typo_font_size_tablet":0,"ocean_menu_typo_font_size_mobile":0,"ocean_menu_typo_font_size_unit":"px","ocean_menu_typo_font_weight":"","ocean_menu_typo_font_weight_tablet":"","ocean_menu_typo_font_weight_mobile":"","ocean_menu_typo_transform":"","ocean_menu_typo_transform_tablet":"","ocean_menu_typo_transform_mobile":"","ocean_menu_typo_line_height":0,"ocean_menu_typo_line_height_tablet":0,"ocean_menu_typo_line_height_mobile":0,"ocean_menu_typo_line_height_unit":"","ocean_menu_typo_spacing":0,"ocean_menu_typo_spacing_tablet":0,"ocean_menu_typo_spacing_mobile":0,"ocean_menu_typo_spacing_unit":"","ocean_menu_link_color":"","ocean_menu_link_color_hover":"","ocean_menu_link_color_active":"","ocean_menu_link_background":"","ocean_menu_link_hover_background":"","ocean_menu_link_active_background":"","ocean_menu_social_links_bg":"","ocean_menu_social_hover_links_bg":"","ocean_menu_social_links_color":"","ocean_menu_social_hover_links_color":"","ocean_disable_title":"default","ocean_disable_heading":"default","ocean_post_title":"","ocean_post_subheading":"","ocean_post_title_style":"","ocean_post_title_background_color":"","ocean_post_title_background":0,"ocean_post_title_bg_image_position":"","ocean_post_title_bg_image_attachment":"","ocean_post_title_bg_image_repeat":"","ocean_post_title_bg_image_size":"","ocean_post_title_height":0,"ocean_post_title_bg_overlay":0.5,"ocean_post_title_bg_overlay_color":"","ocean_disable_breadcrumbs":"default","ocean_breadcrumbs_color":"","ocean_breadcrumbs_separator_color":"","ocean_breadcrumbs_links_color":"","ocean_breadcrumbs_links_hover_color":"","ocean_display_footer_widgets":"default","ocean_display_footer_bottom":"default","ocean_custom_footer_template":"0","omw_enable_modal_window":"enable"},"product_brand":[],"product_cat":[186],"product_tag":[539,537,538,540,153,536],"class_list":{"0":"post-4407","1":"product","2":"type-product","3":"status-publish","4":"has-post-thumbnail","6":"product_cat-figurines","7":"product_tag-alien","8":"product_tag-bibendum","9":"product_tag-extraterrestre","10":"product_tag-ovni","11":"product_tag-soucoupe-volante","12":"product_tag-ufo","14":"entry","15":"has-media","17":"first","18":"instock","19":"taxable","20":"shipping-taxable","21":"purchasable","22":"product-type-simple","23":"has-product-nav","24":"col","25":"span_1_of_3","26":"owp-content-center","27":"owp-thumbs-layout-horizontal","28":"owp-btn-normal","29":"owp-tabs-layout-horizontal"},"jetpack_sharing_enabled":true,"_links":{"self":[{"href":"https:\/\/wipytoys-studio.fr\/index.php?rest_route=\/wp\/v2\/product\/4407","targetHints":{"allow":["GET"]}}],"collection":[{"href":"https:\/\/wipytoys-studio.fr\/index.php?rest_route=\/wp\/v2\/product"}],"about":[{"href":"https:\/\/wipytoys-studio.fr\/index.php?rest_route=\/wp\/v2\/types\/product"}],"replies":[{"embeddable":true,"href":"https:\/\/wipytoys-studio.fr\/index.php?rest_route=%2Fwp%2Fv2%2Fcomments&post=4407"}],"version-history":[{"count":9,"href":"https:\/\/wipytoys-studio.fr\/index.php?rest_route=\/wp\/v2\/product\/4407\/revisions"}],"predecessor-version":[{"id":4428,"href":"https:\/\/wipytoys-studio.fr\/index.php?rest_route=\/wp\/v2\/product\/4407\/revisions\/4428"}],"wp:featuredmedia":[{"embeddable":true,"href":"https:\/\/wipytoys-studio.fr\/index.php?rest_route=\/wp\/v2\/media\/4412"}],"wp:attachment":[{"href":"https:\/\/wipytoys-studio.fr\/index.php?rest_route=%2Fwp%2Fv2%2Fmedia&parent=4407"}],"wp:term":[{"taxonomy":"product_brand","embeddable":true,"href":"https:\/\/wipytoys-studio.fr\/index.php?rest_route=%2Fwp%2Fv2%2Fproduct_brand&post=4407"},{"taxonomy":"product_cat","embeddable":true,"href":"https:\/\/wipytoys-studio.fr\/index.php?rest_route=%2Fwp%2Fv2%2Fproduct_cat&post=4407"},{"taxonomy":"product_tag","embeddable":true,"href":"https:\/\/wipytoys-studio.fr\/index.php?rest_route=%2Fwp%2Fv2%2Fproduct_tag&post=4407"}],"curies":[{"name":"wp","href":"https:\/\/api.w.org\/{rel}","templated":true}]}}