{"id":4394,"date":"2024-10-28T14:45:14","date_gmt":"2024-10-28T14:45:14","guid":{"rendered":"https:\/\/wipytoys-studio.fr\/?post_type=product&#038;p=4394"},"modified":"2024-11-05T06:45:20","modified_gmt":"2024-11-05T06:45:20","slug":"wipy-et-les-muffs","status":"publish","type":"product","link":"https:\/\/wipytoys-studio.fr\/?product=wipy-et-les-muffs","title":{"rendered":"Wipy et les Muffs"},"content":{"rendered":"<p>Taille de <strong>Wipy<\/strong> : hauteur 4 cm, socle 1 cm.<\/p>\n<p>Taille des <strong>muffs<\/strong> : 3 et 3,5 cm<\/p>\n<p>Taille du <strong>cactus<\/strong> : 7 cm.<\/p>\n<p>Poids total : environ 80 g.<\/p>\n<p>Peinture acrylique, vernis satin\u00e9.<\/p>\n<p><em><strong>ps :<\/strong> Les figurines, produites et peintes \u00e0 la main, peuvent varier dans les teintes et leur pr\u00e9sentation.<\/em><\/p>\n<p><em>R\u00e9alisation en r\u00e9sine de coul\u00e9e*. Ces tirages sont extr\u00eamement limit\u00e9s du fait qu&rsquo;il n&rsquo;existe qu&rsquo;un moule RTV pour chaque pi\u00e8ce.<\/em><\/p>\n<p><img decoding=\"async\" class=\"size-full wp-image-4392 alignnone\" src=\"https:\/\/wipytoys-studio.fr\/wp-content\/uploads\/2024\/10\/Attention-logo.png\" alt=\"\" width=\"152\" height=\"135\" \/><\/p>\n<p><em>*Les pi\u00e8ces une fois solidifi\u00e9es ont la r\u00e9sistance de la pierre. En cas de chute ils peuvent se briser mais ils r\u00e9sistent aux chocs. La peinture en revanche est plus fragile, il s&rsquo;agit donc de d\u00e9riv\u00e9s collector destin\u00e9s \u00e0 \u00eatre expos\u00e9s et non de jouets pour enfants !<\/em><\/p>\n","protected":false},"excerpt":{"rendered":"<p>Diorama, figurines en r\u00e9sine des Wipers, peint \u00e0 la main !<\/p>\n<p>Lot constitu\u00e9 de <strong>Wipy<\/strong>, de deux <strong>Muffs<\/strong> et d&rsquo;un <strong>cactus<\/strong>. Inspir\u00e9 des BD (voir photo d&rsquo;illustration) que vous pouvez trouver dans ma boutique !<\/p>\n<p>&nbsp;<\/p>\n","protected":false},"featured_media":4399,"comment_status":"closed","ping_status":"closed","template":"","meta":{"ocean_post_layout":"","ocean_both_sidebars_style":"","ocean_both_sidebars_content_width":0,"ocean_both_sidebars_sidebars_width":0,"ocean_sidebar":"0","ocean_second_sidebar":"0","ocean_disable_margins":"enable","ocean_add_body_class":"","ocean_shortcode_before_top_bar":"","ocean_shortcode_after_top_bar":"","ocean_shortcode_before_header":"","ocean_shortcode_after_header":"","ocean_has_shortcode":"","ocean_shortcode_after_title":"","ocean_shortcode_before_footer_widgets":"","ocean_shortcode_after_footer_widgets":"","ocean_shortcode_before_footer_bottom":"","ocean_shortcode_after_footer_bottom":"","ocean_display_top_bar":"default","ocean_display_header":"default","ocean_header_style":"","ocean_center_header_left_menu":"0","ocean_custom_header_template":"0","ocean_custom_logo":0,"ocean_custom_retina_logo":0,"ocean_custom_logo_max_width":0,"ocean_custom_logo_tablet_max_width":0,"ocean_custom_logo_mobile_max_width":0,"ocean_custom_logo_max_height":0,"ocean_custom_logo_tablet_max_height":0,"ocean_custom_logo_mobile_max_height":0,"ocean_header_custom_menu":"0","ocean_menu_typo_font_family":"0","ocean_menu_typo_font_subset":"","ocean_menu_typo_font_size":0,"ocean_menu_typo_font_size_tablet":0,"ocean_menu_typo_font_size_mobile":0,"ocean_menu_typo_font_size_unit":"px","ocean_menu_typo_font_weight":"","ocean_menu_typo_font_weight_tablet":"","ocean_menu_typo_font_weight_mobile":"","ocean_menu_typo_transform":"","ocean_menu_typo_transform_tablet":"","ocean_menu_typo_transform_mobile":"","ocean_menu_typo_line_height":0,"ocean_menu_typo_line_height_tablet":0,"ocean_menu_typo_line_height_mobile":0,"ocean_menu_typo_line_height_unit":"","ocean_menu_typo_spacing":0,"ocean_menu_typo_spacing_tablet":0,"ocean_menu_typo_spacing_mobile":0,"ocean_menu_typo_spacing_unit":"","ocean_menu_link_color":"","ocean_menu_link_color_hover":"","ocean_menu_link_color_active":"","ocean_menu_link_background":"","ocean_menu_link_hover_background":"","ocean_menu_link_active_background":"","ocean_menu_social_links_bg":"","ocean_menu_social_hover_links_bg":"","ocean_menu_social_links_color":"","ocean_menu_social_hover_links_color":"","ocean_disable_title":"default","ocean_disable_heading":"default","ocean_post_title":"","ocean_post_subheading":"","ocean_post_title_style":"","ocean_post_title_background_color":"","ocean_post_title_background":0,"ocean_post_title_bg_image_position":"","ocean_post_title_bg_image_attachment":"","ocean_post_title_bg_image_repeat":"","ocean_post_title_bg_image_size":"","ocean_post_title_height":0,"ocean_post_title_bg_overlay":0.5,"ocean_post_title_bg_overlay_color":"","ocean_disable_breadcrumbs":"default","ocean_breadcrumbs_color":"","ocean_breadcrumbs_separator_color":"","ocean_breadcrumbs_links_color":"","ocean_breadcrumbs_links_hover_color":"","ocean_display_footer_widgets":"default","ocean_display_footer_bottom":"default","ocean_custom_footer_template":"0","omw_enable_modal_window":"enable"},"product_brand":[],"product_cat":[186],"product_tag":[534,535,533,87,532],"class_list":{"0":"post-4394","1":"product","2":"type-product","3":"status-publish","4":"has-post-thumbnail","6":"product_cat-figurines","7":"product_tag-diorama","8":"product_tag-figurines-de-collection","9":"product_tag-figurines-en-resine","10":"product_tag-les-wipers","11":"product_tag-resin-kit","13":"entry","14":"has-media","16":"first","17":"instock","18":"taxable","19":"shipping-taxable","20":"purchasable","21":"product-type-simple","22":"has-product-nav","23":"col","24":"span_1_of_3","25":"owp-content-center","26":"owp-thumbs-layout-horizontal","27":"owp-btn-normal","28":"owp-tabs-layout-horizontal"},"jetpack_sharing_enabled":true,"_links":{"self":[{"href":"https:\/\/wipytoys-studio.fr\/index.php?rest_route=\/wp\/v2\/product\/4394","targetHints":{"allow":["GET"]}}],"collection":[{"href":"https:\/\/wipytoys-studio.fr\/index.php?rest_route=\/wp\/v2\/product"}],"about":[{"href":"https:\/\/wipytoys-studio.fr\/index.php?rest_route=\/wp\/v2\/types\/product"}],"replies":[{"embeddable":true,"href":"https:\/\/wipytoys-studio.fr\/index.php?rest_route=%2Fwp%2Fv2%2Fcomments&post=4394"}],"version-history":[{"count":4,"href":"https:\/\/wipytoys-studio.fr\/index.php?rest_route=\/wp\/v2\/product\/4394\/revisions"}],"predecessor-version":[{"id":4639,"href":"https:\/\/wipytoys-studio.fr\/index.php?rest_route=\/wp\/v2\/product\/4394\/revisions\/4639"}],"wp:featuredmedia":[{"embeddable":true,"href":"https:\/\/wipytoys-studio.fr\/index.php?rest_route=\/wp\/v2\/media\/4399"}],"wp:attachment":[{"href":"https:\/\/wipytoys-studio.fr\/index.php?rest_route=%2Fwp%2Fv2%2Fmedia&parent=4394"}],"wp:term":[{"taxonomy":"product_brand","embeddable":true,"href":"https:\/\/wipytoys-studio.fr\/index.php?rest_route=%2Fwp%2Fv2%2Fproduct_brand&post=4394"},{"taxonomy":"product_cat","embeddable":true,"href":"https:\/\/wipytoys-studio.fr\/index.php?rest_route=%2Fwp%2Fv2%2Fproduct_cat&post=4394"},{"taxonomy":"product_tag","embeddable":true,"href":"https:\/\/wipytoys-studio.fr\/index.php?rest_route=%2Fwp%2Fv2%2Fproduct_tag&post=4394"}],"curies":[{"name":"wp","href":"https:\/\/api.w.org\/{rel}","templated":true}]}}