{"id":4363,"date":"2024-10-28T12:46:55","date_gmt":"2024-10-28T12:46:55","guid":{"rendered":"https:\/\/wipytoys-studio.fr\/?post_type=product&#038;p=4363"},"modified":"2024-10-28T16:30:03","modified_gmt":"2024-10-28T16:30:03","slug":"les-soucoupes-volantes-attaquent-1956","status":"publish","type":"product","link":"https:\/\/wipytoys-studio.fr\/?product=les-soucoupes-volantes-attaquent-1956","title":{"rendered":"Les Soucoupes Volantes Attaquent (1956)"},"content":{"rendered":"<p><strong>Figurine en r\u00e9sine, d\u00e9j\u00e0 peinte et pr\u00eate \u00e0 \u00eatre assembl\u00e9e \u00e0 l&rsquo;aide de glue.*<\/strong><\/p>\n<p><strong>Taille :<\/strong> Figurine (9 cm), Washington Monument (18 cm), soucoupe (\u00d8 5 cm), socle (\u00d8 8,5&#215;6 cm)<\/p>\n<p><strong>Poids total :<\/strong> environ 140 g.<\/p>\n<p><em><strong>ps :<\/strong> Les figurines, produites et peintes \u00e0 la main, peuvent varier dans les teintes et leur pr\u00e9sentation.<\/em><\/p>\n<p><span style=\"color: #3366ff;\"><strong>Fiche technique PDF :<\/strong><\/span><\/p>\n<p><a href=\"https:\/\/wipytoys-studio.fr\/wp-content\/uploads\/2024\/10\/Les-soucoupes-volantes-attaquent_noticeFRANCAIS.pdf\" target=\"_blank\" rel=\"noopener\"><img fetchpriority=\"high\" decoding=\"async\" class=\"alignnone wp-image-4370 size-medium\" src=\"https:\/\/wipytoys-studio.fr\/wp-content\/uploads\/2024\/10\/Earth06-212x300.jpg\" alt=\"\" width=\"212\" height=\"300\" srcset=\"https:\/\/wipytoys-studio.fr\/wp-content\/uploads\/2024\/10\/Earth06-212x300.jpg 212w, https:\/\/wipytoys-studio.fr\/wp-content\/uploads\/2024\/10\/Earth06-433x612.jpg 433w, https:\/\/wipytoys-studio.fr\/wp-content\/uploads\/2024\/10\/Earth06.jpg 707w\" sizes=\"(max-width: 212px) 100vw, 212px\" \/><\/a><\/p>\n<p><em>R\u00e9alisation en r\u00e9sine de coul\u00e9e*. Ces tirages sont extr\u00eamement limit\u00e9s du fait qu\u2019il n\u2019existe qu\u2019un moule RTV pour chaque pi\u00e8ce.<\/em><\/p>\n<p><a href=\"https:\/\/wipytoys-studio.fr\/wp-content\/uploads\/2024\/10\/Precautions.jpg\"><img decoding=\"async\" class=\"alignnone wp-image-4436 size-medium\" src=\"https:\/\/wipytoys-studio.fr\/wp-content\/uploads\/2024\/10\/Precautions-300x113.jpg\" alt=\"\" width=\"300\" height=\"113\" srcset=\"https:\/\/wipytoys-studio.fr\/wp-content\/uploads\/2024\/10\/Precautions-300x113.jpg 300w, https:\/\/wipytoys-studio.fr\/wp-content\/uploads\/2024\/10\/Precautions-433x163.jpg 433w, https:\/\/wipytoys-studio.fr\/wp-content\/uploads\/2024\/10\/Precautions.jpg 600w\" sizes=\"(max-width: 300px) 100vw, 300px\" \/><\/a><\/p>\n<p><img decoding=\"async\" class=\"size-full wp-image-4392 alignnone\" src=\"https:\/\/wipytoys-studio.fr\/wp-content\/uploads\/2024\/10\/Attention-logo.png\" alt=\"\" width=\"152\" height=\"135\" \/><\/p>\n<p>(*Attention, ceci n&rsquo;est pas un jouet et ne convient pas \u00e0 un enfant dans l&rsquo;\u00e9tape d&rsquo;assemblage !)<\/p>\n","protected":false},"excerpt":{"rendered":"<p>Je rends Hommage ici \u00e0 Ray Harryhausen,<\/p>\n<p>Ma\u00eetre incontest\u00e9 de l&rsquo;animation et des effets sp\u00e9ciaux au cin\u00e9ma. Artiste pluridisciplinaire n\u00e9 le 29 juin 1920 \u00e0 Los Angel\u00e8s aux Etats-Unis, il a oeuvr\u00e9 aux c\u00f4t\u00e9s de grands r\u00e9alisateurs entre 1942 et 2002 \u00e0 la conception de films tels que \u00ab\u00a0Le Monstre vient de la mer\u00a0\u00bb, \u00ab\u00a0Jason et les Argonautes\u00a0\u00bb, \u00ab\u00a0Les Premiers hommes dans la lune\u00a0\u00bb, \u00ab\u00a0Le Choc des Titans\u00a0\u00bb, \u00ab\u00a0Le Septi\u00e8me voyage de Sinbad\u00a0\u00bb et tant d&rsquo;autres&#8230; Acteur et r\u00e9alisateur d\u00e8s 1942, Harryhausen a berc\u00e9 notre enfance en sublimant notre imaginaire et en \u00e9largissant nos horizons fantastiques bien au-del\u00e0 de notre temps. Son nom, comme celui de M\u00e9li\u00e8s, r\u00e9sonne aujourd&rsquo;hui comme un v\u00e9ritable conte fantastique !<\/p>\n<p>Dans le film de Science-fiction \u00ab\u00a0Les Soucoupes volantes attaquent\u00a0\u00bb de Fred F. Sears, le Docteur Russell A. Marvin interpr\u00e9t\u00e9 par Hugh Marlowe est charg\u00e9 d&rsquo;envoyer des fus\u00e9es dans l&rsquo;espace. Alors qu&rsquo;elles disparaissent \u00e9trangement, il est enlev\u00e9 avec son \u00e9pouse par une soucoupe volante ! La race des hommes est menac\u00e9e par des extraterrestres beliqueux qui envahissent la Terre en d\u00e9clenchant un v\u00e9ritable cataclysme sur Washington.<\/p>\n","protected":false},"featured_media":4382,"comment_status":"closed","ping_status":"closed","template":"","meta":{"ocean_post_layout":"","ocean_both_sidebars_style":"","ocean_both_sidebars_content_width":0,"ocean_both_sidebars_sidebars_width":0,"ocean_sidebar":"0","ocean_second_sidebar":"0","ocean_disable_margins":"enable","ocean_add_body_class":"","ocean_shortcode_before_top_bar":"","ocean_shortcode_after_top_bar":"","ocean_shortcode_before_header":"","ocean_shortcode_after_header":"","ocean_has_shortcode":"","ocean_shortcode_after_title":"","ocean_shortcode_before_footer_widgets":"","ocean_shortcode_after_footer_widgets":"","ocean_shortcode_before_footer_bottom":"","ocean_shortcode_after_footer_bottom":"","ocean_display_top_bar":"default","ocean_display_header":"default","ocean_header_style":"","ocean_center_header_left_menu":"0","ocean_custom_header_template":"0","ocean_custom_logo":0,"ocean_custom_retina_logo":0,"ocean_custom_logo_max_width":0,"ocean_custom_logo_tablet_max_width":0,"ocean_custom_logo_mobile_max_width":0,"ocean_custom_logo_max_height":0,"ocean_custom_logo_tablet_max_height":0,"ocean_custom_logo_mobile_max_height":0,"ocean_header_custom_menu":"0","ocean_menu_typo_font_family":"0","ocean_menu_typo_font_subset":"","ocean_menu_typo_font_size":0,"ocean_menu_typo_font_size_tablet":0,"ocean_menu_typo_font_size_mobile":0,"ocean_menu_typo_font_size_unit":"px","ocean_menu_typo_font_weight":"","ocean_menu_typo_font_weight_tablet":"","ocean_menu_typo_font_weight_mobile":"","ocean_menu_typo_transform":"","ocean_menu_typo_transform_tablet":"","ocean_menu_typo_transform_mobile":"","ocean_menu_typo_line_height":0,"ocean_menu_typo_line_height_tablet":0,"ocean_menu_typo_line_height_mobile":0,"ocean_menu_typo_line_height_unit":"","ocean_menu_typo_spacing":0,"ocean_menu_typo_spacing_tablet":0,"ocean_menu_typo_spacing_mobile":0,"ocean_menu_typo_spacing_unit":"","ocean_menu_link_color":"","ocean_menu_link_color_hover":"","ocean_menu_link_color_active":"","ocean_menu_link_background":"","ocean_menu_link_hover_background":"","ocean_menu_link_active_background":"","ocean_menu_social_links_bg":"","ocean_menu_social_hover_links_bg":"","ocean_menu_social_links_color":"","ocean_menu_social_hover_links_color":"","ocean_disable_title":"default","ocean_disable_heading":"default","ocean_post_title":"","ocean_post_subheading":"","ocean_post_title_style":"","ocean_post_title_background_color":"","ocean_post_title_background":0,"ocean_post_title_bg_image_position":"","ocean_post_title_bg_image_attachment":"","ocean_post_title_bg_image_repeat":"","ocean_post_title_bg_image_size":"","ocean_post_title_height":0,"ocean_post_title_bg_overlay":0.5,"ocean_post_title_bg_overlay_color":"","ocean_disable_breadcrumbs":"default","ocean_breadcrumbs_color":"","ocean_breadcrumbs_separator_color":"","ocean_breadcrumbs_links_color":"","ocean_breadcrumbs_links_hover_color":"","ocean_display_footer_widgets":"default","ocean_display_footer_bottom":"default","ocean_custom_footer_template":"0","omw_enable_modal_window":"enable"},"product_brand":[],"product_cat":[186],"product_tag":[524,527,530,528,531,529,525,526],"class_list":{"0":"post-4363","1":"product","2":"type-product","3":"status-publish","4":"has-post-thumbnail","6":"product_cat-figurines","7":"product_tag-earth-vs-flying-saucers","8":"product_tag-jason-et-les-argonautes","9":"product_tag-le-choc-des-titans","10":"product_tag-le-monstre-vient-de-la-mer","11":"product_tag-le-septieme-voyage-de-sinbad","12":"product_tag-les-premiers-hommes-dans-la-lune","13":"product_tag-les-soucoupes-volantes-attaquent","14":"product_tag-ray-harryhausen","16":"entry","17":"has-media","19":"first","20":"instock","21":"taxable","22":"shipping-taxable","23":"purchasable","24":"product-type-simple","25":"has-product-nav","26":"col","27":"span_1_of_3","28":"owp-content-center","29":"owp-thumbs-layout-horizontal","30":"owp-btn-normal","31":"owp-tabs-layout-horizontal"},"jetpack_sharing_enabled":true,"_links":{"self":[{"href":"https:\/\/wipytoys-studio.fr\/index.php?rest_route=\/wp\/v2\/product\/4363","targetHints":{"allow":["GET"]}}],"collection":[{"href":"https:\/\/wipytoys-studio.fr\/index.php?rest_route=\/wp\/v2\/product"}],"about":[{"href":"https:\/\/wipytoys-studio.fr\/index.php?rest_route=\/wp\/v2\/types\/product"}],"replies":[{"embeddable":true,"href":"https:\/\/wipytoys-studio.fr\/index.php?rest_route=%2Fwp%2Fv2%2Fcomments&post=4363"}],"version-history":[{"count":4,"href":"https:\/\/wipytoys-studio.fr\/index.php?rest_route=\/wp\/v2\/product\/4363\/revisions"}],"predecessor-version":[{"id":4439,"href":"https:\/\/wipytoys-studio.fr\/index.php?rest_route=\/wp\/v2\/product\/4363\/revisions\/4439"}],"wp:featuredmedia":[{"embeddable":true,"href":"https:\/\/wipytoys-studio.fr\/index.php?rest_route=\/wp\/v2\/media\/4382"}],"wp:attachment":[{"href":"https:\/\/wipytoys-studio.fr\/index.php?rest_route=%2Fwp%2Fv2%2Fmedia&parent=4363"}],"wp:term":[{"taxonomy":"product_brand","embeddable":true,"href":"https:\/\/wipytoys-studio.fr\/index.php?rest_route=%2Fwp%2Fv2%2Fproduct_brand&post=4363"},{"taxonomy":"product_cat","embeddable":true,"href":"https:\/\/wipytoys-studio.fr\/index.php?rest_route=%2Fwp%2Fv2%2Fproduct_cat&post=4363"},{"taxonomy":"product_tag","embeddable":true,"href":"https:\/\/wipytoys-studio.fr\/index.php?rest_route=%2Fwp%2Fv2%2Fproduct_tag&post=4363"}],"curies":[{"name":"wp","href":"https:\/\/api.w.org\/{rel}","templated":true}]}}