{"id":3857,"date":"2024-06-11T03:15:59","date_gmt":"2024-06-11T03:15:59","guid":{"rendered":"https:\/\/wipytoys-studio.fr\/?post_type=product&#038;p=3857"},"modified":"2024-06-12T03:29:31","modified_gmt":"2024-06-12T03:29:31","slug":"planche-les-wipers-rocknroll-up-page-7","status":"publish","type":"product","link":"https:\/\/wipytoys-studio.fr\/?product=planche-les-wipers-rocknroll-up-page-7","title":{"rendered":"Planche Les Wipers, Rock&rsquo;N&rsquo;Roll-Up ! (page 7)"},"content":{"rendered":"<p><img decoding=\"async\" class=\"alignleft wp-image-3842 size-medium\" src=\"https:\/\/wipytoys-studio.fr\/wp-content\/uploads\/2024\/06\/Titre-Wieprs-1-300x88.png\" sizes=\"(max-width: 300px) 100vw, 300px\" srcset=\"https:\/\/wipytoys-studio.fr\/wp-content\/uploads\/2024\/06\/Titre-Wieprs-1-300x88.png 300w, https:\/\/wipytoys-studio.fr\/wp-content\/uploads\/2024\/06\/Titre-Wieprs-1.png 400w\" alt=\"\" width=\"300\" height=\"88\" \/><\/p>\n<p>&nbsp;<\/p>\n<p>&nbsp;<\/p>\n<p>&nbsp;<\/p>\n<p>L\u2019acquisition d\u2019un original est un investissement \u00e0 vie souvent peu abordable par le grand public. Il est parfois le fruit d\u2019un travail de longue hal\u00e8ne mais ne refl\u00e8te en aucun cas la volont\u00e9 pour l\u2019artiste d\u2019une cotation ou surench\u00e8re. Chacun reste libre d\u2019estimer son travail comme il l\u2019entend. Les tarifs sont calcul\u00e9s au plus juste afin de satisfaire le plus grand nombre d\u2019entre vous ! C\u2019est aussi l\u2019occasion pour vous-m\u00eame ou pour offrir \u00e0 autrui en maintes occasions une tranche de vie de l\u2019artiste.<\/p>\n<p><em>Livr\u00e9e sous plis s\u00e9curis\u00e9 et renforc\u00e9 pour \u00e9viter toute d\u00e9convenue avec les services de livraison.<\/em><\/p>\n<p><img decoding=\"async\" class=\"size-full wp-image-3847\" src=\"https:\/\/wipytoys-studio.fr\/wp-content\/uploads\/2024\/06\/Myriammira_Freepk-Certificat_mini.jpg\" alt=\"\" width=\"200\" height=\"141\" \/><\/p>\n","protected":false},"excerpt":{"rendered":"<p>Planche originale en format A3 (29,7\u00d742 cm) extraite du premier album des Wipers parue en 2016 (page 7).<\/p>\n<p>Les textes r\u00e9alis\u00e9s num\u00e9riquement pour l\u2019album seront r\u00e9\u00e9crits \u00e0 la main \u00e0 l\u2019encre de chine ou au Liner par Paco.<\/p>\n<blockquote><p><strong>Elle sera sign\u00e9e au recto si la mention n\u2019existe pas d\u00e9j\u00e0 puis contresign\u00e9e au dos et livr\u00e9e avec un Certificat d\u2019Authenticit\u00e9 !<\/strong><\/p>\n<p>Elle sera accompagn\u00e9e d\u2019une reproduction en couleurs au format A3, sur papier \u00e9pais et sign\u00e9e par Paco \u00e9galement.<\/p><\/blockquote>\n","protected":false},"featured_media":3858,"comment_status":"closed","ping_status":"closed","template":"","meta":{"ocean_post_layout":"","ocean_both_sidebars_style":"","ocean_both_sidebars_content_width":0,"ocean_both_sidebars_sidebars_width":0,"ocean_sidebar":"0","ocean_second_sidebar":"0","ocean_disable_margins":"enable","ocean_add_body_class":"","ocean_shortcode_before_top_bar":"","ocean_shortcode_after_top_bar":"","ocean_shortcode_before_header":"","ocean_shortcode_after_header":"","ocean_has_shortcode":"","ocean_shortcode_after_title":"","ocean_shortcode_before_footer_widgets":"","ocean_shortcode_after_footer_widgets":"","ocean_shortcode_before_footer_bottom":"","ocean_shortcode_after_footer_bottom":"","ocean_display_top_bar":"default","ocean_display_header":"default","ocean_header_style":"","ocean_center_header_left_menu":"0","ocean_custom_header_template":"0","ocean_custom_logo":0,"ocean_custom_retina_logo":0,"ocean_custom_logo_max_width":0,"ocean_custom_logo_tablet_max_width":0,"ocean_custom_logo_mobile_max_width":0,"ocean_custom_logo_max_height":0,"ocean_custom_logo_tablet_max_height":0,"ocean_custom_logo_mobile_max_height":0,"ocean_header_custom_menu":"0","ocean_menu_typo_font_family":"0","ocean_menu_typo_font_subset":"","ocean_menu_typo_font_size":0,"ocean_menu_typo_font_size_tablet":0,"ocean_menu_typo_font_size_mobile":0,"ocean_menu_typo_font_size_unit":"px","ocean_menu_typo_font_weight":"","ocean_menu_typo_font_weight_tablet":"","ocean_menu_typo_font_weight_mobile":"","ocean_menu_typo_transform":"","ocean_menu_typo_transform_tablet":"","ocean_menu_typo_transform_mobile":"","ocean_menu_typo_line_height":0,"ocean_menu_typo_line_height_tablet":0,"ocean_menu_typo_line_height_mobile":0,"ocean_menu_typo_line_height_unit":"","ocean_menu_typo_spacing":0,"ocean_menu_typo_spacing_tablet":0,"ocean_menu_typo_spacing_mobile":0,"ocean_menu_typo_spacing_unit":"","ocean_menu_link_color":"","ocean_menu_link_color_hover":"","ocean_menu_link_color_active":"","ocean_menu_link_background":"","ocean_menu_link_hover_background":"","ocean_menu_link_active_background":"","ocean_menu_social_links_bg":"","ocean_menu_social_hover_links_bg":"","ocean_menu_social_links_color":"","ocean_menu_social_hover_links_color":"","ocean_disable_title":"default","ocean_disable_heading":"default","ocean_post_title":"","ocean_post_subheading":"","ocean_post_title_style":"","ocean_post_title_background_color":"","ocean_post_title_background":0,"ocean_post_title_bg_image_position":"","ocean_post_title_bg_image_attachment":"","ocean_post_title_bg_image_repeat":"","ocean_post_title_bg_image_size":"","ocean_post_title_height":0,"ocean_post_title_bg_overlay":0.5,"ocean_post_title_bg_overlay_color":"","ocean_disable_breadcrumbs":"default","ocean_breadcrumbs_color":"","ocean_breadcrumbs_separator_color":"","ocean_breadcrumbs_links_color":"","ocean_breadcrumbs_links_hover_color":"","ocean_display_footer_widgets":"default","ocean_display_footer_bottom":"default","ocean_custom_footer_template":"0","omw_enable_modal_window":"enable"},"product_brand":[],"product_cat":[29],"product_tag":[447,442,441,443,449,445,444,450,446],"class_list":{"0":"post-3857","1":"product","2":"type-product","3":"status-publish","4":"has-post-thumbnail","6":"product_cat-planches-originales","7":"product_tag-acquisition-planche-bd","8":"product_tag-la-planete-des-singes","9":"product_tag-les-wipers-rocknroll-up","10":"product_tag-les-wipers-tome-1","11":"product_tag-planche","12":"product_tag-planche-bd","13":"product_tag-planche-originale-bd","14":"product_tag-planches","15":"product_tag-vente-planche-bd-originale","17":"entry","18":"has-media","20":"first","21":"instock","22":"shipping-taxable","23":"purchasable","24":"product-type-simple","25":"has-product-nav","26":"col","27":"span_1_of_3","28":"owp-content-center","29":"owp-thumbs-layout-horizontal","30":"owp-btn-normal","31":"owp-tabs-layout-horizontal"},"jetpack_sharing_enabled":true,"_links":{"self":[{"href":"https:\/\/wipytoys-studio.fr\/index.php?rest_route=\/wp\/v2\/product\/3857","targetHints":{"allow":["GET"]}}],"collection":[{"href":"https:\/\/wipytoys-studio.fr\/index.php?rest_route=\/wp\/v2\/product"}],"about":[{"href":"https:\/\/wipytoys-studio.fr\/index.php?rest_route=\/wp\/v2\/types\/product"}],"replies":[{"embeddable":true,"href":"https:\/\/wipytoys-studio.fr\/index.php?rest_route=%2Fwp%2Fv2%2Fcomments&post=3857"}],"version-history":[{"count":3,"href":"https:\/\/wipytoys-studio.fr\/index.php?rest_route=\/wp\/v2\/product\/3857\/revisions"}],"predecessor-version":[{"id":3934,"href":"https:\/\/wipytoys-studio.fr\/index.php?rest_route=\/wp\/v2\/product\/3857\/revisions\/3934"}],"wp:featuredmedia":[{"embeddable":true,"href":"https:\/\/wipytoys-studio.fr\/index.php?rest_route=\/wp\/v2\/media\/3858"}],"wp:attachment":[{"href":"https:\/\/wipytoys-studio.fr\/index.php?rest_route=%2Fwp%2Fv2%2Fmedia&parent=3857"}],"wp:term":[{"taxonomy":"product_brand","embeddable":true,"href":"https:\/\/wipytoys-studio.fr\/index.php?rest_route=%2Fwp%2Fv2%2Fproduct_brand&post=3857"},{"taxonomy":"product_cat","embeddable":true,"href":"https:\/\/wipytoys-studio.fr\/index.php?rest_route=%2Fwp%2Fv2%2Fproduct_cat&post=3857"},{"taxonomy":"product_tag","embeddable":true,"href":"https:\/\/wipytoys-studio.fr\/index.php?rest_route=%2Fwp%2Fv2%2Fproduct_tag&post=3857"}],"curies":[{"name":"wp","href":"https:\/\/api.w.org\/{rel}","templated":true}]}}