{"id":1165,"date":"2024-05-18T01:14:35","date_gmt":"2024-05-18T01:14:35","guid":{"rendered":"https:\/\/wipytoys-studio.fr\/?post_type=product&#038;p=1165"},"modified":"2025-12-14T16:36:46","modified_gmt":"2025-12-14T16:36:46","slug":"les-wipers-gagophobie-primaire-one-shot","status":"publish","type":"product","link":"https:\/\/wipytoys-studio.fr\/?product=les-wipers-gagophobie-primaire-one-shot","title":{"rendered":"Les Wipers &#8211; Gagophobie primaire (One shot)"},"content":{"rendered":"\t\t<div data-elementor-type=\"wp-post\" data-elementor-id=\"1165\" class=\"elementor elementor-1165\">\n\t\t\t\t<div class=\"elementor-element elementor-element-2869c83 e-grid e-con-boxed wpr-particle-no wpr-jarallax-no wpr-parallax-no wpr-sticky-section-no wpr-equal-height-no e-con e-parent\" data-id=\"2869c83\" data-element_type=\"container\" data-e-type=\"container\">\n\t\t\t\t\t<div class=\"e-con-inner\">\n\t\t\t\t<div class=\"elementor-element elementor-element-d8ce46a elementor-widget elementor-widget-text-editor\" data-id=\"d8ce46a\" data-element_type=\"widget\" data-e-type=\"widget\" data-widget_type=\"text-editor.default\">\n\t\t\t\t<div class=\"elementor-widget-container\">\n\t\t\t\t\t\t\t\t\t<p>Auteur : Paco Salamander<\/p><p>Pr\u00e9face : Patrick Dumas<\/p><p>Editeur : YIL<\/p>\t\t\t\t\t\t\t\t<\/div>\n\t\t\t\t<\/div>\n\t\t\t\t\t<\/div>\n\t\t\t\t<\/div>\n\t\t\t\t<\/div>\n\t\t","protected":false},"excerpt":{"rendered":"<p>Les WIPERS sont de petites boules de poils de toutes les couleurs. Ils sont rigolos, sournois et caract\u00e9riels. Ils ne pensent qu\u2019\u00e0 manger et sont \u00e0 la recherche des humains. Nous sommes deux mille ans apr\u00e8s l\u2019extinction de l\u2019esp\u00e8ce humaine. Un cataclysme d\u00e9vastateur provoqu\u00e9 par l\u2019homme a fait totalement dispara\u00eetre notre esp\u00e8ce de la surface de Ga\u00efa (la Terre). En cause :\u00a0 l\u2019ignorance, les in\u00e9galit\u00e9s sociales, la haine et la folie de nos apprentis-sorciers ! Ils \u00e9taient devenus trop nombreux et trop rapide \u00e0 cause de la technologie, entra\u00eenant la mort de notre \u00e9cosyst\u00e8me. Emport\u00e9 par le r\u00e9chauffement climatique, la pollution, la d\u00e9forestation, les nouvelles maladies, les guerres au nom d\u2019un principe qu\u2019ils nommaient l\u2019argent-roi ! La cupidit\u00e9 des lobbyistes comme Monsanto alli\u00e9e \u00e0 la sournoiserie des dirigeants de la plan\u00e8te a g\u00e9n\u00e9r\u00e9 des monstres (les Monstrantos) contre lesquels doivent encore lutter les WIPERS pour achever la renaissance de la Terre, notre M\u00e8re nourrici\u00e8re. Sur cette trame de fond destin\u00e9e \u00e0 alerter les jeunes g\u00e9n\u00e9rations sur ces probl\u00e9matiques urgentes et dramatiques, ce nouvel opus n\u2019est en r\u00e9alit\u00e9 qu\u2019une succession de gags sous la forme de strips et d\u2019histoires courtes. Nous apprenons par exemple qu\u2019ils vont d\u00e9couvrir une machine \u00e0 voyager dans le temps gr\u00e2ce \u00e0 l\u2019intervention d\u2019un \u00eatre \u00e9trange nomm\u00e9 Heub\u00e9heu !<\/p>\n","protected":false},"featured_media":1170,"comment_status":"closed","ping_status":"closed","template":"","meta":{"ocean_post_layout":"","ocean_both_sidebars_style":"","ocean_both_sidebars_content_width":0,"ocean_both_sidebars_sidebars_width":0,"ocean_sidebar":"0","ocean_second_sidebar":"0","ocean_disable_margins":"enable","ocean_add_body_class":"","ocean_shortcode_before_top_bar":"","ocean_shortcode_after_top_bar":"","ocean_shortcode_before_header":"","ocean_shortcode_after_header":"","ocean_has_shortcode":"","ocean_shortcode_after_title":"","ocean_shortcode_before_footer_widgets":"","ocean_shortcode_after_footer_widgets":"","ocean_shortcode_before_footer_bottom":"","ocean_shortcode_after_footer_bottom":"","ocean_display_top_bar":"default","ocean_display_header":"default","ocean_header_style":"","ocean_center_header_left_menu":"0","ocean_custom_header_template":"0","ocean_custom_logo":0,"ocean_custom_retina_logo":0,"ocean_custom_logo_max_width":0,"ocean_custom_logo_tablet_max_width":0,"ocean_custom_logo_mobile_max_width":0,"ocean_custom_logo_max_height":0,"ocean_custom_logo_tablet_max_height":0,"ocean_custom_logo_mobile_max_height":0,"ocean_header_custom_menu":"0","ocean_menu_typo_font_family":"0","ocean_menu_typo_font_subset":"","ocean_menu_typo_font_size":0,"ocean_menu_typo_font_size_tablet":0,"ocean_menu_typo_font_size_mobile":0,"ocean_menu_typo_font_size_unit":"px","ocean_menu_typo_font_weight":"","ocean_menu_typo_font_weight_tablet":"","ocean_menu_typo_font_weight_mobile":"","ocean_menu_typo_transform":"","ocean_menu_typo_transform_tablet":"","ocean_menu_typo_transform_mobile":"","ocean_menu_typo_line_height":0,"ocean_menu_typo_line_height_tablet":0,"ocean_menu_typo_line_height_mobile":0,"ocean_menu_typo_line_height_unit":"","ocean_menu_typo_spacing":0,"ocean_menu_typo_spacing_tablet":0,"ocean_menu_typo_spacing_mobile":0,"ocean_menu_typo_spacing_unit":"","ocean_menu_link_color":"","ocean_menu_link_color_hover":"","ocean_menu_link_color_active":"","ocean_menu_link_background":"","ocean_menu_link_hover_background":"","ocean_menu_link_active_background":"","ocean_menu_social_links_bg":"","ocean_menu_social_hover_links_bg":"","ocean_menu_social_links_color":"","ocean_menu_social_hover_links_color":"","ocean_disable_title":"default","ocean_disable_heading":"default","ocean_post_title":"","ocean_post_subheading":"","ocean_post_title_style":"","ocean_post_title_background_color":"","ocean_post_title_background":0,"ocean_post_title_bg_image_position":"","ocean_post_title_bg_image_attachment":"","ocean_post_title_bg_image_repeat":"","ocean_post_title_bg_image_size":"","ocean_post_title_height":0,"ocean_post_title_bg_overlay":0.5,"ocean_post_title_bg_overlay_color":"","ocean_disable_breadcrumbs":"default","ocean_breadcrumbs_color":"","ocean_breadcrumbs_separator_color":"","ocean_breadcrumbs_links_color":"","ocean_breadcrumbs_links_hover_color":"","ocean_display_footer_widgets":"default","ocean_display_footer_bottom":"default","ocean_custom_footer_template":"0","omw_enable_modal_window":"enable"},"product_brand":[],"product_cat":[26],"product_tag":[145,87,146,50,147,137,136],"class_list":{"0":"post-1165","1":"product","2":"type-product","3":"status-publish","4":"has-post-thumbnail","6":"product_cat-bandes-dessinees","7":"product_tag-gagophobie-primaire","8":"product_tag-les-wipers","9":"product_tag-les-wipers-t2","10":"product_tag-paco-salamander","11":"product_tag-patrick-dumas","12":"product_tag-yil","13":"product_tag-yil-edition","15":"entry","16":"has-media","18":"first","19":"instock","20":"taxable","21":"shipping-taxable","22":"purchasable","23":"product-type-variable","24":"has-default-attributes","25":"has-product-nav","26":"col","27":"span_1_of_3","28":"owp-content-center","29":"owp-thumbs-layout-horizontal","30":"owp-btn-normal","31":"owp-tabs-layout-horizontal"},"jetpack_sharing_enabled":true,"_links":{"self":[{"href":"https:\/\/wipytoys-studio.fr\/index.php?rest_route=\/wp\/v2\/product\/1165","targetHints":{"allow":["GET"]}}],"collection":[{"href":"https:\/\/wipytoys-studio.fr\/index.php?rest_route=\/wp\/v2\/product"}],"about":[{"href":"https:\/\/wipytoys-studio.fr\/index.php?rest_route=\/wp\/v2\/types\/product"}],"replies":[{"embeddable":true,"href":"https:\/\/wipytoys-studio.fr\/index.php?rest_route=%2Fwp%2Fv2%2Fcomments&post=1165"}],"version-history":[{"count":6,"href":"https:\/\/wipytoys-studio.fr\/index.php?rest_route=\/wp\/v2\/product\/1165\/revisions"}],"predecessor-version":[{"id":1263,"href":"https:\/\/wipytoys-studio.fr\/index.php?rest_route=\/wp\/v2\/product\/1165\/revisions\/1263"}],"wp:featuredmedia":[{"embeddable":true,"href":"https:\/\/wipytoys-studio.fr\/index.php?rest_route=\/wp\/v2\/media\/1170"}],"wp:attachment":[{"href":"https:\/\/wipytoys-studio.fr\/index.php?rest_route=%2Fwp%2Fv2%2Fmedia&parent=1165"}],"wp:term":[{"taxonomy":"product_brand","embeddable":true,"href":"https:\/\/wipytoys-studio.fr\/index.php?rest_route=%2Fwp%2Fv2%2Fproduct_brand&post=1165"},{"taxonomy":"product_cat","embeddable":true,"href":"https:\/\/wipytoys-studio.fr\/index.php?rest_route=%2Fwp%2Fv2%2Fproduct_cat&post=1165"},{"taxonomy":"product_tag","embeddable":true,"href":"https:\/\/wipytoys-studio.fr\/index.php?rest_route=%2Fwp%2Fv2%2Fproduct_tag&post=1165"}],"curies":[{"name":"wp","href":"https:\/\/api.w.org\/{rel}","templated":true}]}}