{"id":1126,"date":"2024-05-17T17:39:39","date_gmt":"2024-05-17T17:39:39","guid":{"rendered":"https:\/\/wipytoys-studio.fr\/?post_type=product&#038;p=1126"},"modified":"2024-06-12T03:35:30","modified_gmt":"2024-06-12T03:35:30","slug":"apocalypse-mi-amor","status":"publish","type":"product","link":"https:\/\/wipytoys-studio.fr\/?product=apocalypse-mi-amor","title":{"rendered":"Apocalypse mi Amor"},"content":{"rendered":"\t\t<div data-elementor-type=\"wp-post\" data-elementor-id=\"1126\" class=\"elementor elementor-1126\">\n\t\t\t\t<div class=\"elementor-element elementor-element-b96b936 e-flex e-con-boxed wpr-particle-no wpr-jarallax-no wpr-parallax-no wpr-sticky-section-no wpr-equal-height-no e-con e-parent\" data-id=\"b96b936\" data-element_type=\"container\" data-e-type=\"container\">\n\t\t\t\t\t<div class=\"e-con-inner\">\n\t\t\t\t<div class=\"elementor-element elementor-element-200a6da elementor-widget elementor-widget-text-editor\" data-id=\"200a6da\" data-element_type=\"widget\" data-e-type=\"widget\" data-widget_type=\"text-editor.default\">\n\t\t\t\t<div class=\"elementor-widget-container\">\n\t\t\t\t\t\t\t\t\t<p>Auteur : Pascal Pacouly<\/p><p>Editions : Les \u00e9ditions du Joyeux Pendu<\/p><p>Les<strong> Artistes<\/strong>\u00a0&#8211; Collectif d&rsquo;auteurs :<br \/>Baron Katia &#8211; Bathori Martes &#8211; Bodson Zacharie &#8211; Bureau Sylvain &#8211; Cargnello Elisabete \/Lisa.c \u2013 Carotide &#8211; Chapiron Christian &#8211; Chelou Sara \u2013 Chouvenc C\u00e9line &#8211; Clanet Salom\u00e9 &#8211; Cogn\u00e9e Philippe &#8211; Contesse Ka &#8211; D.A.T. (die as trash) &#8211; de Blasi Antonio &#8211; D\u00e9bris \u00c9ric &#8211; Demeure du chaos \u2013 Frering Sabine &#8211; Gilet Dorianne &#8211; Guedin Dav &#8211; Guro Tengu &#8211; Henry Christopher\u2013 Jym &#8211; Leroy St\u00e9phane &#8211; Mathurin Anne &#8211; No Soucy \u2013 Pacaly Pascal &#8211; Paffuto Kiki &#8211; Pegorier Saralisa &#8211; Penard \u00c9ric &#8211; Perraux St\u00e9phane &#8211; Potier Micha\u00ebl &#8211; Pti Marc &#8211; Rimbaud Mike &#8211; Routier Philippe &#8211; <strong>Salamander Paco<\/strong> \u2013 Tarek &#8211; Toon Hertz &#8211; Todd Mort &#8211; Trash Lanig &#8211; Truteau Fr\u00e9d\u00e9ric &#8211; Urban Tag &#8211; Van der Linden Anne &#8211; \u00ab Watchman \u00bb Kaliher Joseph &#8211; Woolley Patrice &#8211; Yarps Jean &#8211; Yodom Hirata<\/p>\t\t\t\t\t\t\t\t<\/div>\n\t\t\t\t<\/div>\n\t\t\t\t\t<\/div>\n\t\t\t\t<\/div>\n\t\t\t\t<\/div>\n\t\t","protected":false},"excerpt":{"rendered":"<p>C\u2019est l\u2019histoire d\u2019une vision, d\u2019une vision de la vie, pour \u00eatre plus pr\u00e9cis. Ou bien l\u2019histoire d\u2019un r\u00eave ? Parce qu\u2019il faut bien comprendre que cette r\u00e9alit\u00e9, cette matrice, n\u2019est pas forc\u00e9ment celle qu\u2019on esp\u00e9rait. Pourtant il faut bien s\u2019y faire, il n\u2019y a qu\u2019elle\u2026 Vraiment ? Oui, vraiment. Est-ce une raison de baisser les bras ? L\u2019Art, est, depuis les temps imm\u00e9moriaux, ce qui nous permet d\u2019avoir un autre angle de vue. Oui, l\u2019on revient \u00e0 cette fameuse vision\u2026 Ici-bas et couch\u00e9 sur papier, nous voyageons entre po\u00e9sies, peintures, street art, graphismes ou autre photographies\u2026 L\u2019Art, est cette expression, cette rage, cette envie de partage. Et ce besoin incompressible de laisser une trace\u2026 Des artistes fran\u00e7ais, am\u00e9ricains, japonais, portugais et italiens se rejoignent ici \u00e0 travers des textes \u00e9corch\u00e9s vifs, entre histoires d\u2019amour et de haine, de trash et de crash, des masses et des moutons, et bien entendu de cette envie f\u00e9roce d\u2019exister, et pas forc\u00e9ment en vain\u2026 Vous en \u00eates ?<\/p>\n","protected":false},"featured_media":1111,"comment_status":"closed","ping_status":"closed","template":"","meta":{"ocean_post_layout":"","ocean_both_sidebars_style":"","ocean_both_sidebars_content_width":0,"ocean_both_sidebars_sidebars_width":0,"ocean_sidebar":"0","ocean_second_sidebar":"0","ocean_disable_margins":"enable","ocean_add_body_class":"","ocean_shortcode_before_top_bar":"","ocean_shortcode_after_top_bar":"","ocean_shortcode_before_header":"","ocean_shortcode_after_header":"","ocean_has_shortcode":"","ocean_shortcode_after_title":"","ocean_shortcode_before_footer_widgets":"","ocean_shortcode_after_footer_widgets":"","ocean_shortcode_before_footer_bottom":"","ocean_shortcode_after_footer_bottom":"","ocean_display_top_bar":"default","ocean_display_header":"default","ocean_header_style":"","ocean_center_header_left_menu":"0","ocean_custom_header_template":"0","ocean_custom_logo":0,"ocean_custom_retina_logo":0,"ocean_custom_logo_max_width":0,"ocean_custom_logo_tablet_max_width":0,"ocean_custom_logo_mobile_max_width":0,"ocean_custom_logo_max_height":0,"ocean_custom_logo_tablet_max_height":0,"ocean_custom_logo_mobile_max_height":0,"ocean_header_custom_menu":"0","ocean_menu_typo_font_family":"0","ocean_menu_typo_font_subset":"","ocean_menu_typo_font_size":0,"ocean_menu_typo_font_size_tablet":0,"ocean_menu_typo_font_size_mobile":0,"ocean_menu_typo_font_size_unit":"px","ocean_menu_typo_font_weight":"","ocean_menu_typo_font_weight_tablet":"","ocean_menu_typo_font_weight_mobile":"","ocean_menu_typo_transform":"","ocean_menu_typo_transform_tablet":"","ocean_menu_typo_transform_mobile":"","ocean_menu_typo_line_height":0,"ocean_menu_typo_line_height_tablet":0,"ocean_menu_typo_line_height_mobile":0,"ocean_menu_typo_line_height_unit":"","ocean_menu_typo_spacing":0,"ocean_menu_typo_spacing_tablet":0,"ocean_menu_typo_spacing_mobile":0,"ocean_menu_typo_spacing_unit":"","ocean_menu_link_color":"","ocean_menu_link_color_hover":"","ocean_menu_link_color_active":"","ocean_menu_link_background":"","ocean_menu_link_hover_background":"","ocean_menu_link_active_background":"","ocean_menu_social_links_bg":"","ocean_menu_social_hover_links_bg":"","ocean_menu_social_links_color":"","ocean_menu_social_hover_links_color":"","ocean_disable_title":"default","ocean_disable_heading":"default","ocean_post_title":"","ocean_post_subheading":"","ocean_post_title_style":"","ocean_post_title_background_color":"","ocean_post_title_background":0,"ocean_post_title_bg_image_position":"","ocean_post_title_bg_image_attachment":"","ocean_post_title_bg_image_repeat":"","ocean_post_title_bg_image_size":"","ocean_post_title_height":0,"ocean_post_title_bg_overlay":0.5,"ocean_post_title_bg_overlay_color":"","ocean_disable_breadcrumbs":"default","ocean_breadcrumbs_color":"","ocean_breadcrumbs_separator_color":"","ocean_breadcrumbs_links_color":"","ocean_breadcrumbs_links_hover_color":"","ocean_display_footer_widgets":"default","ocean_display_footer_bottom":"default","ocean_custom_footer_template":"0","omw_enable_modal_window":"enable"},"product_brand":[],"product_cat":[79],"product_tag":[114,116,120,121,117,125,127,124,128,115,119,123,118,122,126],"class_list":{"0":"post-1126","1":"product","2":"type-product","3":"status-publish","4":"has-post-thumbnail","6":"product_cat-livres","7":"product_tag-apocalypse-mi-amor","8":"product_tag-collectif","9":"product_tag-dessin","10":"product_tag-graphisme","11":"product_tag-illustration","12":"product_tag-la-demeure-du-chaos","13":"product_tag-la-demeure-lyon","14":"product_tag-les-editions-du-joyeux-pendu","15":"product_tag-musee-lorgane","16":"product_tag-pascal-pacaly","17":"product_tag-peinture","18":"product_tag-photo","19":"product_tag-poesie","20":"product_tag-street-art","21":"product_tag-thierry-ehrmann","23":"entry","24":"has-media","26":"first","27":"instock","28":"shipping-taxable","29":"purchasable","30":"product-type-simple","31":"has-product-nav","32":"col","33":"span_1_of_3","34":"owp-content-center","35":"owp-thumbs-layout-horizontal","36":"owp-btn-normal","37":"owp-tabs-layout-horizontal","38":"has-no-thumbnails"},"jetpack_sharing_enabled":true,"_links":{"self":[{"href":"https:\/\/wipytoys-studio.fr\/index.php?rest_route=\/wp\/v2\/product\/1126","targetHints":{"allow":["GET"]}}],"collection":[{"href":"https:\/\/wipytoys-studio.fr\/index.php?rest_route=\/wp\/v2\/product"}],"about":[{"href":"https:\/\/wipytoys-studio.fr\/index.php?rest_route=\/wp\/v2\/types\/product"}],"replies":[{"embeddable":true,"href":"https:\/\/wipytoys-studio.fr\/index.php?rest_route=%2Fwp%2Fv2%2Fcomments&post=1126"}],"version-history":[{"count":6,"href":"https:\/\/wipytoys-studio.fr\/index.php?rest_route=\/wp\/v2\/product\/1126\/revisions"}],"predecessor-version":[{"id":3961,"href":"https:\/\/wipytoys-studio.fr\/index.php?rest_route=\/wp\/v2\/product\/1126\/revisions\/3961"}],"wp:featuredmedia":[{"embeddable":true,"href":"https:\/\/wipytoys-studio.fr\/index.php?rest_route=\/wp\/v2\/media\/1111"}],"wp:attachment":[{"href":"https:\/\/wipytoys-studio.fr\/index.php?rest_route=%2Fwp%2Fv2%2Fmedia&parent=1126"}],"wp:term":[{"taxonomy":"product_brand","embeddable":true,"href":"https:\/\/wipytoys-studio.fr\/index.php?rest_route=%2Fwp%2Fv2%2Fproduct_brand&post=1126"},{"taxonomy":"product_cat","embeddable":true,"href":"https:\/\/wipytoys-studio.fr\/index.php?rest_route=%2Fwp%2Fv2%2Fproduct_cat&post=1126"},{"taxonomy":"product_tag","embeddable":true,"href":"https:\/\/wipytoys-studio.fr\/index.php?rest_route=%2Fwp%2Fv2%2Fproduct_tag&post=1126"}],"curies":[{"name":"wp","href":"https:\/\/api.w.org\/{rel}","templated":true}]}}