{"id":1122,"date":"2024-05-17T17:33:09","date_gmt":"2024-05-17T17:33:09","guid":{"rendered":"https:\/\/wipytoys-studio.fr\/?post_type=product&#038;p=1122"},"modified":"2024-06-14T13:39:38","modified_gmt":"2024-06-14T13:39:38","slug":"les-bikers-ont-du-coeur-2","status":"publish","type":"product","link":"https:\/\/wipytoys-studio.fr\/?product=les-bikers-ont-du-coeur-2","title":{"rendered":"Les Bikers ont du C\u0153ur 2"},"content":{"rendered":"\t\t<div data-elementor-type=\"wp-post\" data-elementor-id=\"1122\" class=\"elementor elementor-1122\">\n\t\t\t\t<div class=\"elementor-element elementor-element-55f424a5 e-flex e-con-boxed wpr-particle-no wpr-jarallax-no wpr-parallax-no wpr-sticky-section-no wpr-equal-height-no e-con e-parent\" data-id=\"55f424a5\" data-element_type=\"container\" data-e-type=\"container\">\n\t\t\t\t\t<div class=\"e-con-inner\">\n\t\t\t\t<div class=\"elementor-element elementor-element-6f404155 elementor-widget elementor-widget-text-editor\" data-id=\"6f404155\" data-element_type=\"widget\" data-e-type=\"widget\" data-widget_type=\"text-editor.default\">\n\t\t\t\t<div class=\"elementor-widget-container\">\n\t\t\t\t\t\t\t\t\t<p><strong>HD LE PLAISIR<\/strong><\/p><p><strong>Les Bikers ont du C\u0153ur 2<\/strong><\/p><p>Pr\u00e8s de 80 dessinateurs et dessinatrices de Bd pour chaque tome paru ou \u00e0 para\u00eetre ont mis b\u00e9n\u00e9volement leurs crayons et pinceaux au service de l\u2019association HD Le Plaisir Aide aux enfants malades. Allez d\u00e9couvrir les nombreuses actions men\u00e9es par\u00a0<strong><span style=\"color: #008000;\"><a style=\"color: #008000;\" href=\"https:\/\/hdleplaisir.com\/\" target=\"_blank\" rel=\"noopener\">l\u2019association HD Le Plaisir<\/a><\/span><\/strong>\u00a0!<\/p><blockquote><p>L\u2019int\u00e9gralit\u00e9 des b\u00e9n\u00e9fices de ce livre servira \u00e0 financer les actions de cette association au profit des enfants.<\/p><\/blockquote><p>les Bikers ont du c\u0153ur , les dessinateurs aussi !<\/p><p>Vous souhaitez accueillir les Bikers ont du C\u0153ur lors de vos manifestations pour organiser une s\u00e9ance de d\u00e9dicaces ? Contactez le responsable Tarnais (Graulhet)\u00a0<strong>Filoo Ren<\/strong>\u00a0ici-m\u00eame :<\/p><p><span style=\"color: #008000;\"><strong><a style=\"color: #008000;\" href=\"https:\/\/www.facebook.com\/elixyr81\" target=\"_blank\" rel=\"noopener\">Messenger\/Facebook<\/a><\/strong><\/span><\/p><p><strong><a href=\"mailto:elixyr81@orange.fr\">Mail<\/a><\/strong><\/p><p><strong>Le site de l\u2019association<\/strong>\u00a0(Jeff Naudey) :<\/p><p><strong><span style=\"color: #008000;\"><a style=\"color: #008000;\" href=\"https:\/\/hdleplaisir.com\/\" target=\"_blank\" rel=\"noopener\">Association HD LE PLAISIR<\/a><\/span><\/strong><\/p><p><strong>L\u2019\u00e9diteur :<\/strong><\/p><p><strong><span style=\"color: #008000;\"><a style=\"color: #008000;\" href=\"https:\/\/www.comexpo2a.fr\/pages\/les-bikers-ont-du-coeur-t1-2.html\" target=\"_blank\" rel=\"noopener\">Editions Un Point c\u2019est Tout !<\/a><\/span><\/strong><\/p>\t\t\t\t\t\t\t\t<\/div>\n\t\t\t\t<\/div>\n\t\t\t\t\t<\/div>\n\t\t\t\t<\/div>\n\t\t<div class=\"elementor-element elementor-element-13ee432 e-grid e-con-boxed wpr-particle-no wpr-jarallax-no wpr-parallax-no wpr-sticky-section-no wpr-equal-height-no e-con e-parent\" data-id=\"13ee432\" data-element_type=\"container\" data-e-type=\"container\">\n\t\t\t\t\t<div class=\"e-con-inner\">\n\t\t\t\t<div class=\"elementor-element elementor-element-8073762 elementor-widget elementor-widget-image\" data-id=\"8073762\" data-element_type=\"widget\" data-e-type=\"widget\" data-widget_type=\"image.default\">\n\t\t\t\t<div class=\"elementor-widget-container\">\n\t\t\t\t\t\t\t\t\t\t\t\t\t\t\t\t<a href=\"https:\/\/wipytoys-studio.fr\/wp-content\/uploads\/2024\/05\/BIKERS-dossier-presse-tome1.pdf\" target=\"_blank\" rel=\"nofollow\">\n\t\t\t\t\t\t\t<img decoding=\"async\" width=\"189\" height=\"189\" src=\"https:\/\/wipytoys-studio.fr\/wp-content\/uploads\/2024\/05\/Dossier-de-presse-T1.jpg\" class=\"attachment-large size-large wp-image-2945\" alt=\"\" srcset=\"https:\/\/wipytoys-studio.fr\/wp-content\/uploads\/2024\/05\/Dossier-de-presse-T1.jpg 189w, https:\/\/wipytoys-studio.fr\/wp-content\/uploads\/2024\/05\/Dossier-de-presse-T1-150x150.jpg 150w, https:\/\/wipytoys-studio.fr\/wp-content\/uploads\/2024\/05\/Dossier-de-presse-T1-100x100.jpg 100w\" sizes=\"(max-width: 189px) 100vw, 189px\" \/>\t\t\t\t\t\t\t\t<\/a>\n\t\t\t\t\t\t\t\t\t\t\t\t\t\t\t<\/div>\n\t\t\t\t<\/div>\n\t\t\t\t<div class=\"elementor-element elementor-element-27efc81 elementor-widget elementor-widget-image\" data-id=\"27efc81\" data-element_type=\"widget\" data-e-type=\"widget\" data-widget_type=\"image.default\">\n\t\t\t\t<div class=\"elementor-widget-container\">\n\t\t\t\t\t\t\t\t\t\t\t\t\t\t\t\t<a href=\"https:\/\/wipytoys-studio.fr\/wp-content\/uploads\/2024\/05\/BIKERS-dossier-presse-tome2.pdf\" target=\"_blank\" rel=\"nofollow\">\n\t\t\t\t\t\t\t<img decoding=\"async\" width=\"189\" height=\"189\" src=\"https:\/\/wipytoys-studio.fr\/wp-content\/uploads\/2024\/05\/Dossier-de-presse-T2.jpg\" class=\"attachment-large size-large wp-image-2946\" alt=\"\" srcset=\"https:\/\/wipytoys-studio.fr\/wp-content\/uploads\/2024\/05\/Dossier-de-presse-T2.jpg 189w, https:\/\/wipytoys-studio.fr\/wp-content\/uploads\/2024\/05\/Dossier-de-presse-T2-150x150.jpg 150w, https:\/\/wipytoys-studio.fr\/wp-content\/uploads\/2024\/05\/Dossier-de-presse-T2-100x100.jpg 100w\" sizes=\"(max-width: 189px) 100vw, 189px\" \/>\t\t\t\t\t\t\t\t<\/a>\n\t\t\t\t\t\t\t\t\t\t\t\t\t\t\t<\/div>\n\t\t\t\t<\/div>\n\t\t\t\t<div class=\"elementor-element elementor-element-986c5fe elementor-widget elementor-widget-image\" data-id=\"986c5fe\" data-element_type=\"widget\" data-e-type=\"widget\" data-widget_type=\"image.default\">\n\t\t\t\t<div class=\"elementor-widget-container\">\n\t\t\t\t\t\t\t\t\t\t\t\t\t\t\t\t<a href=\"https:\/\/wipytoys-studio.fr\/wp-content\/uploads\/2024\/05\/BIKERS-dossier-presse-tome3.pdf\" target=\"_blank\" rel=\"nofollow\">\n\t\t\t\t\t\t\t<img decoding=\"async\" width=\"189\" height=\"189\" src=\"https:\/\/wipytoys-studio.fr\/wp-content\/uploads\/2024\/05\/Dossier-de-presse-T3.jpg\" class=\"attachment-large size-large wp-image-2947\" alt=\"\" srcset=\"https:\/\/wipytoys-studio.fr\/wp-content\/uploads\/2024\/05\/Dossier-de-presse-T3.jpg 189w, https:\/\/wipytoys-studio.fr\/wp-content\/uploads\/2024\/05\/Dossier-de-presse-T3-150x150.jpg 150w, https:\/\/wipytoys-studio.fr\/wp-content\/uploads\/2024\/05\/Dossier-de-presse-T3-100x100.jpg 100w\" sizes=\"(max-width: 189px) 100vw, 189px\" \/>\t\t\t\t\t\t\t\t<\/a>\n\t\t\t\t\t\t\t\t\t\t\t\t\t\t\t<\/div>\n\t\t\t\t<\/div>\n\t\t\t\t\t<\/div>\n\t\t\t\t<\/div>\n\t\t<div class=\"elementor-element elementor-element-24f4c7b e-grid e-con-boxed wpr-particle-no wpr-jarallax-no wpr-parallax-no wpr-sticky-section-no wpr-equal-height-no e-con e-parent\" data-id=\"24f4c7b\" data-element_type=\"container\" data-e-type=\"container\">\n\t\t\t\t\t<div class=\"e-con-inner\">\n\t\t\t\t<div class=\"elementor-element elementor-element-df3e7b4 elementor-widget elementor-widget-image\" data-id=\"df3e7b4\" data-element_type=\"widget\" data-e-type=\"widget\" data-widget_type=\"image.default\">\n\t\t\t\t<div class=\"elementor-widget-container\">\n\t\t\t\t\t\t\t\t\t\t\t\t\t\t\t\t<a href=\"https:\/\/wipytoys-studio.fr\/wp-content\/uploads\/2024\/05\/bikers1-ph033-1.jpg\" data-elementor-open-lightbox=\"yes\" data-e-action-hash=\"#elementor-action%3Aaction%3Dlightbox%26settings%3DeyJpZCI6MjkyOSwidXJsIjoiaHR0cHM6XC9cL3dpcHl0b3lzLXN0dWRpby5mclwvd3AtY29udGVudFwvdXBsb2Fkc1wvMjAyNFwvMDVcL2Jpa2VyczEtcGgwMzMtMS5qcGcifQ%3D%3D\">\n\t\t\t\t\t\t\t<img loading=\"lazy\" decoding=\"async\" width=\"759\" height=\"1000\" src=\"https:\/\/wipytoys-studio.fr\/wp-content\/uploads\/2024\/05\/bikers1-ph033-1.jpg\" class=\"attachment-large size-large wp-image-2929\" alt=\"\" srcset=\"https:\/\/wipytoys-studio.fr\/wp-content\/uploads\/2024\/05\/bikers1-ph033-1.jpg 759w, https:\/\/wipytoys-studio.fr\/wp-content\/uploads\/2024\/05\/bikers1-ph033-1-228x300.jpg 228w, https:\/\/wipytoys-studio.fr\/wp-content\/uploads\/2024\/05\/bikers1-ph033-1-433x570.jpg 433w\" sizes=\"(max-width: 759px) 100vw, 759px\" \/>\t\t\t\t\t\t\t\t<\/a>\n\t\t\t\t\t\t\t\t\t\t\t\t\t\t\t<\/div>\n\t\t\t\t<\/div>\n\t\t\t\t<div class=\"elementor-element elementor-element-dace34c elementor-widget elementor-widget-image\" data-id=\"dace34c\" data-element_type=\"widget\" data-e-type=\"widget\" data-widget_type=\"image.default\">\n\t\t\t\t<div class=\"elementor-widget-container\">\n\t\t\t\t\t\t\t\t\t\t\t\t\t\t\t\t<a href=\"https:\/\/wipytoys-studio.fr\/wp-content\/uploads\/2024\/05\/bikers2-ph033-1.jpg\" data-elementor-open-lightbox=\"yes\" data-e-action-hash=\"#elementor-action%3Aaction%3Dlightbox%26settings%3DeyJpZCI6MjkzMCwidXJsIjoiaHR0cHM6XC9cL3dpcHl0b3lzLXN0dWRpby5mclwvd3AtY29udGVudFwvdXBsb2Fkc1wvMjAyNFwvMDVcL2Jpa2VyczItcGgwMzMtMS5qcGcifQ%3D%3D\">\n\t\t\t\t\t\t\t<img loading=\"lazy\" decoding=\"async\" width=\"759\" height=\"1000\" src=\"https:\/\/wipytoys-studio.fr\/wp-content\/uploads\/2024\/05\/bikers2-ph033-1.jpg\" class=\"attachment-large size-large wp-image-2930\" alt=\"\" srcset=\"https:\/\/wipytoys-studio.fr\/wp-content\/uploads\/2024\/05\/bikers2-ph033-1.jpg 759w, https:\/\/wipytoys-studio.fr\/wp-content\/uploads\/2024\/05\/bikers2-ph033-1-228x300.jpg 228w, https:\/\/wipytoys-studio.fr\/wp-content\/uploads\/2024\/05\/bikers2-ph033-1-433x570.jpg 433w\" sizes=\"(max-width: 759px) 100vw, 759px\" \/>\t\t\t\t\t\t\t\t<\/a>\n\t\t\t\t\t\t\t\t\t\t\t\t\t\t\t<\/div>\n\t\t\t\t<\/div>\n\t\t\t\t<div class=\"elementor-element elementor-element-f11fe00 elementor-widget elementor-widget-image\" data-id=\"f11fe00\" data-element_type=\"widget\" data-e-type=\"widget\" data-widget_type=\"image.default\">\n\t\t\t\t<div class=\"elementor-widget-container\">\n\t\t\t\t\t\t\t\t\t\t\t\t\t\t\t\t<a href=\"https:\/\/wipytoys-studio.fr\/wp-content\/uploads\/2024\/05\/bikers3-ph033-1.jpg\" data-elementor-open-lightbox=\"yes\" data-e-action-hash=\"#elementor-action%3Aaction%3Dlightbox%26settings%3DeyJpZCI6MjkzMSwidXJsIjoiaHR0cHM6XC9cL3dpcHl0b3lzLXN0dWRpby5mclwvd3AtY29udGVudFwvdXBsb2Fkc1wvMjAyNFwvMDVcL2Jpa2VyczMtcGgwMzMtMS5qcGcifQ%3D%3D\">\n\t\t\t\t\t\t\t<img loading=\"lazy\" decoding=\"async\" width=\"759\" height=\"1000\" src=\"https:\/\/wipytoys-studio.fr\/wp-content\/uploads\/2024\/05\/bikers3-ph033-1.jpg\" class=\"attachment-large size-large wp-image-2931\" alt=\"\" srcset=\"https:\/\/wipytoys-studio.fr\/wp-content\/uploads\/2024\/05\/bikers3-ph033-1.jpg 759w, https:\/\/wipytoys-studio.fr\/wp-content\/uploads\/2024\/05\/bikers3-ph033-1-228x300.jpg 228w, https:\/\/wipytoys-studio.fr\/wp-content\/uploads\/2024\/05\/bikers3-ph033-1-433x570.jpg 433w\" sizes=\"(max-width: 759px) 100vw, 759px\" \/>\t\t\t\t\t\t\t\t<\/a>\n\t\t\t\t\t\t\t\t\t\t\t\t\t\t\t<\/div>\n\t\t\t\t<\/div>\n\t\t\t\t\t<\/div>\n\t\t\t\t<\/div>\n\t\t\t\t<\/div>\n\t\t","protected":false},"excerpt":{"rendered":"<p><strong>Pour commander les Bikers ont du C\u0153ur, voir la description plus bas !<\/strong><\/p>\n<p>&nbsp;<\/p>\n","protected":false},"featured_media":1115,"comment_status":"closed","ping_status":"closed","template":"","meta":{"ocean_post_layout":"","ocean_both_sidebars_style":"","ocean_both_sidebars_content_width":0,"ocean_both_sidebars_sidebars_width":0,"ocean_sidebar":"0","ocean_second_sidebar":"0","ocean_disable_margins":"enable","ocean_add_body_class":"","ocean_shortcode_before_top_bar":"","ocean_shortcode_after_top_bar":"","ocean_shortcode_before_header":"","ocean_shortcode_after_header":"","ocean_has_shortcode":"","ocean_shortcode_after_title":"","ocean_shortcode_before_footer_widgets":"","ocean_shortcode_after_footer_widgets":"","ocean_shortcode_before_footer_bottom":"","ocean_shortcode_after_footer_bottom":"","ocean_display_top_bar":"default","ocean_display_header":"default","ocean_header_style":"","ocean_center_header_left_menu":"0","ocean_custom_header_template":"0","ocean_custom_logo":0,"ocean_custom_retina_logo":0,"ocean_custom_logo_max_width":0,"ocean_custom_logo_tablet_max_width":0,"ocean_custom_logo_mobile_max_width":0,"ocean_custom_logo_max_height":0,"ocean_custom_logo_tablet_max_height":0,"ocean_custom_logo_mobile_max_height":0,"ocean_header_custom_menu":"0","ocean_menu_typo_font_family":"0","ocean_menu_typo_font_subset":"","ocean_menu_typo_font_size":0,"ocean_menu_typo_font_size_tablet":0,"ocean_menu_typo_font_size_mobile":0,"ocean_menu_typo_font_size_unit":"px","ocean_menu_typo_font_weight":"","ocean_menu_typo_font_weight_tablet":"","ocean_menu_typo_font_weight_mobile":"","ocean_menu_typo_transform":"","ocean_menu_typo_transform_tablet":"","ocean_menu_typo_transform_mobile":"","ocean_menu_typo_line_height":0,"ocean_menu_typo_line_height_tablet":0,"ocean_menu_typo_line_height_mobile":0,"ocean_menu_typo_line_height_unit":"","ocean_menu_typo_spacing":0,"ocean_menu_typo_spacing_tablet":0,"ocean_menu_typo_spacing_mobile":0,"ocean_menu_typo_spacing_unit":"","ocean_menu_link_color":"","ocean_menu_link_color_hover":"","ocean_menu_link_color_active":"","ocean_menu_link_background":"","ocean_menu_link_hover_background":"","ocean_menu_link_active_background":"","ocean_menu_social_links_bg":"","ocean_menu_social_hover_links_bg":"","ocean_menu_social_links_color":"","ocean_menu_social_hover_links_color":"","ocean_disable_title":"default","ocean_disable_heading":"default","ocean_post_title":"","ocean_post_subheading":"","ocean_post_title_style":"","ocean_post_title_background_color":"","ocean_post_title_background":0,"ocean_post_title_bg_image_position":"","ocean_post_title_bg_image_attachment":"","ocean_post_title_bg_image_repeat":"","ocean_post_title_bg_image_size":"","ocean_post_title_height":0,"ocean_post_title_bg_overlay":0.5,"ocean_post_title_bg_overlay_color":"","ocean_disable_breadcrumbs":"default","ocean_breadcrumbs_color":"","ocean_breadcrumbs_separator_color":"","ocean_breadcrumbs_links_color":"","ocean_breadcrumbs_links_hover_color":"","ocean_display_footer_widgets":"default","ocean_display_footer_bottom":"default","ocean_custom_footer_template":"0","omw_enable_modal_window":"enable"},"product_brand":[],"product_cat":[85,26],"product_tag":[49,48,100,102,105,104,101,98,99,103],"class_list":{"0":"post-1122","1":"product","2":"type-product","3":"status-publish","4":"has-post-thumbnail","6":"product_cat-artbook","7":"product_cat-bandes-dessinees","8":"product_tag-alain-guillo","9":"product_tag-comexpo2a","10":"product_tag-editions-un-point-cest-tout","11":"product_tag-frank-margerin","12":"product_tag-heran","13":"product_tag-jean-marc-heran","14":"product_tag-jeff-naudey","15":"product_tag-les-bikers-ont-du-coeur","16":"product_tag-les-bikers-ont-du-coeur-2","17":"product_tag-margerin","19":"entry","20":"has-media","22":"first","23":"instock","24":"shipping-taxable","25":"product-type-simple","26":"has-product-nav","27":"col","28":"span_1_of_3","29":"owp-content-center","30":"owp-thumbs-layout-horizontal","31":"owp-btn-normal","32":"owp-tabs-layout-horizontal","33":"has-no-thumbnails"},"jetpack_sharing_enabled":true,"_links":{"self":[{"href":"https:\/\/wipytoys-studio.fr\/index.php?rest_route=\/wp\/v2\/product\/1122","targetHints":{"allow":["GET"]}}],"collection":[{"href":"https:\/\/wipytoys-studio.fr\/index.php?rest_route=\/wp\/v2\/product"}],"about":[{"href":"https:\/\/wipytoys-studio.fr\/index.php?rest_route=\/wp\/v2\/types\/product"}],"replies":[{"embeddable":true,"href":"https:\/\/wipytoys-studio.fr\/index.php?rest_route=%2Fwp%2Fv2%2Fcomments&post=1122"}],"version-history":[{"count":10,"href":"https:\/\/wipytoys-studio.fr\/index.php?rest_route=\/wp\/v2\/product\/1122\/revisions"}],"predecessor-version":[{"id":4143,"href":"https:\/\/wipytoys-studio.fr\/index.php?rest_route=\/wp\/v2\/product\/1122\/revisions\/4143"}],"wp:featuredmedia":[{"embeddable":true,"href":"https:\/\/wipytoys-studio.fr\/index.php?rest_route=\/wp\/v2\/media\/1115"}],"wp:attachment":[{"href":"https:\/\/wipytoys-studio.fr\/index.php?rest_route=%2Fwp%2Fv2%2Fmedia&parent=1122"}],"wp:term":[{"taxonomy":"product_brand","embeddable":true,"href":"https:\/\/wipytoys-studio.fr\/index.php?rest_route=%2Fwp%2Fv2%2Fproduct_brand&post=1122"},{"taxonomy":"product_cat","embeddable":true,"href":"https:\/\/wipytoys-studio.fr\/index.php?rest_route=%2Fwp%2Fv2%2Fproduct_cat&post=1122"},{"taxonomy":"product_tag","embeddable":true,"href":"https:\/\/wipytoys-studio.fr\/index.php?rest_route=%2Fwp%2Fv2%2Fproduct_tag&post=1122"}],"curies":[{"name":"wp","href":"https:\/\/api.w.org\/{rel}","templated":true}]}}