{"id":101,"date":"2022-03-25T13:53:45","date_gmt":"2022-03-25T13:53:45","guid":{"rendered":"https:\/\/oceanwp.org\/underwear\/product\/winsom-hipster-copy-11\/"},"modified":"2024-05-30T10:35:07","modified_gmt":"2024-05-30T10:35:07","slug":"les-superslips","status":"publish","type":"product","link":"https:\/\/wipytoys-studio.fr\/?product=les-superslips","title":{"rendered":"Les Superslips"},"content":{"rendered":"\t\t<div data-elementor-type=\"wp-post\" data-elementor-id=\"101\" class=\"elementor elementor-101\">\n\t\t\t\t<div class=\"elementor-element elementor-element-6df608fd e-flex e-con-boxed wpr-particle-no wpr-jarallax-no wpr-parallax-no wpr-sticky-section-no wpr-equal-height-no e-con e-parent\" data-id=\"6df608fd\" data-element_type=\"container\" data-e-type=\"container\">\n\t\t\t\t\t<div class=\"e-con-inner\">\n\t\t\t\t<div class=\"elementor-element elementor-element-7bdc9ae9 elementor-widget elementor-widget-text-editor\" data-id=\"7bdc9ae9\" data-element_type=\"widget\" data-e-type=\"widget\" data-widget_type=\"text-editor.default\">\n\t\t\t\t<div class=\"elementor-widget-container\">\n\t\t\t\t\t\t\t\t\t<p>Auteurs :<\/p><p>Daricy (Dessins)<\/p><p>Paco Salamander (Couleur et d\u00e9cors)<\/p><p>Editeur : <a href=\"https:\/\/www.comexpo2a.fr\/\" target=\"_blank\" rel=\"noopener\">Un Point C&rsquo;est Tout !<\/a><\/p>\t\t\t\t\t\t\t\t<\/div>\n\t\t\t\t<\/div>\n\t\t\t\t\t<\/div>\n\t\t\t\t<\/div>\n\t\t<div class=\"elementor-element elementor-element-bf40655 e-flex e-con-boxed wpr-particle-no wpr-jarallax-no wpr-parallax-no wpr-sticky-section-no wpr-equal-height-no e-con e-parent\" data-id=\"bf40655\" data-element_type=\"container\" data-e-type=\"container\">\n\t\t\t\t\t<div class=\"e-con-inner\">\n\t\t\t\t<div class=\"elementor-element elementor-element-3d145ac elementor-widget elementor-widget-video\" data-id=\"3d145ac\" data-element_type=\"widget\" data-e-type=\"widget\" data-settings=\"{&quot;youtube_url&quot;:&quot;https:\\\/\\\/youtu.be\\\/HQTVAKe5gzA?si=lbbpLWzw30RvO0UT&quot;,&quot;video_type&quot;:&quot;youtube&quot;,&quot;controls&quot;:&quot;yes&quot;}\" data-widget_type=\"video.default\">\n\t\t\t\t<div class=\"elementor-widget-container\">\n\t\t\t\t\t\t\t<div class=\"elementor-wrapper elementor-open-inline\">\n\t\t\t<div class=\"elementor-video\"><\/div>\t\t<\/div>\n\t\t\t\t\t\t<\/div>\n\t\t\t\t<\/div>\n\t\t\t\t\t<\/div>\n\t\t\t\t<\/div>\n\t\t\t\t<\/div>\n\t\t","protected":false},"excerpt":{"rendered":"<p>Tous les Superslips r\u00eavent de rencontrer le plus grand super-h\u00e9ros de tous les temps ; le v\u00e9n\u00e9rable Ultima\u00eetre ! Cependant, le r\u00eave peut vite se transformer en cauchemar, car le vieux ma\u00eetre adore se moquer de ceux qui viennent le voir, remplis d&rsquo;espoir&#8230;<\/p>\n<p>Mais pourquoi est-il si <del>m\u00e9chant<\/del> marrant ?<\/p>\n<p><strong>Tout public<\/strong><\/p>\n","protected":false},"featured_media":751,"comment_status":"open","ping_status":"closed","template":"","meta":{"ocean_post_layout":"","ocean_both_sidebars_style":"","ocean_both_sidebars_content_width":0,"ocean_both_sidebars_sidebars_width":0,"ocean_sidebar":"0","ocean_second_sidebar":"0","ocean_disable_margins":"enable","ocean_add_body_class":"","ocean_shortcode_before_top_bar":"","ocean_shortcode_after_top_bar":"","ocean_shortcode_before_header":"","ocean_shortcode_after_header":"","ocean_has_shortcode":"","ocean_shortcode_after_title":"","ocean_shortcode_before_footer_widgets":"","ocean_shortcode_after_footer_widgets":"","ocean_shortcode_before_footer_bottom":"","ocean_shortcode_after_footer_bottom":"","ocean_display_top_bar":"default","ocean_display_header":"default","ocean_header_style":"","ocean_center_header_left_menu":"0","ocean_custom_header_template":"0","ocean_custom_logo":0,"ocean_custom_retina_logo":0,"ocean_custom_logo_max_width":0,"ocean_custom_logo_tablet_max_width":0,"ocean_custom_logo_mobile_max_width":0,"ocean_custom_logo_max_height":0,"ocean_custom_logo_tablet_max_height":0,"ocean_custom_logo_mobile_max_height":0,"ocean_header_custom_menu":"0","ocean_menu_typo_font_family":"0","ocean_menu_typo_font_subset":"","ocean_menu_typo_font_size":0,"ocean_menu_typo_font_size_tablet":0,"ocean_menu_typo_font_size_mobile":0,"ocean_menu_typo_font_size_unit":"px","ocean_menu_typo_font_weight":"","ocean_menu_typo_font_weight_tablet":"","ocean_menu_typo_font_weight_mobile":"","ocean_menu_typo_transform":"","ocean_menu_typo_transform_tablet":"","ocean_menu_typo_transform_mobile":"","ocean_menu_typo_line_height":0,"ocean_menu_typo_line_height_tablet":0,"ocean_menu_typo_line_height_mobile":0,"ocean_menu_typo_line_height_unit":"","ocean_menu_typo_spacing":0,"ocean_menu_typo_spacing_tablet":0,"ocean_menu_typo_spacing_mobile":0,"ocean_menu_typo_spacing_unit":"","ocean_menu_link_color":"","ocean_menu_link_color_hover":"","ocean_menu_link_color_active":"","ocean_menu_link_background":"","ocean_menu_link_hover_background":"","ocean_menu_link_active_background":"","ocean_menu_social_links_bg":"","ocean_menu_social_hover_links_bg":"","ocean_menu_social_links_color":"","ocean_menu_social_hover_links_color":"","ocean_disable_title":"default","ocean_disable_heading":"default","ocean_post_title":"","ocean_post_subheading":"","ocean_post_title_style":"","ocean_post_title_background_color":"","ocean_post_title_background":0,"ocean_post_title_bg_image_position":"","ocean_post_title_bg_image_attachment":"","ocean_post_title_bg_image_repeat":"","ocean_post_title_bg_image_size":"","ocean_post_title_height":0,"ocean_post_title_bg_overlay":0.5,"ocean_post_title_bg_overlay_color":"","ocean_disable_breadcrumbs":"default","ocean_breadcrumbs_color":"","ocean_breadcrumbs_separator_color":"","ocean_breadcrumbs_links_color":"","ocean_breadcrumbs_links_hover_color":"","ocean_display_footer_widgets":"default","ocean_display_footer_bottom":"default","ocean_custom_footer_template":"0","omw_enable_modal_window":"enable"},"product_brand":[],"product_cat":[26],"product_tag":[49,111,48,343,342,344,95,341],"class_list":{"0":"post-101","1":"product","2":"type-product","3":"status-publish","4":"has-post-thumbnail","6":"product_cat-bandes-dessinees","7":"product_tag-alain-guillo","8":"product_tag-cartoon","9":"product_tag-comexpo2a","10":"product_tag-comics","11":"product_tag-daricy","12":"product_tag-les-superslips-et-ultimaitre","13":"product_tag-salamander","14":"product_tag-superslips","16":"entry","17":"has-media","19":"first","20":"instock","21":"taxable","22":"shipping-taxable","23":"purchasable","24":"product-type-simple","25":"has-product-nav","26":"col","27":"span_1_of_3","28":"owp-content-center","29":"owp-thumbs-layout-horizontal","30":"owp-btn-normal","31":"owp-tabs-layout-horizontal"},"jetpack_sharing_enabled":true,"_links":{"self":[{"href":"https:\/\/wipytoys-studio.fr\/index.php?rest_route=\/wp\/v2\/product\/101","targetHints":{"allow":["GET"]}}],"collection":[{"href":"https:\/\/wipytoys-studio.fr\/index.php?rest_route=\/wp\/v2\/product"}],"about":[{"href":"https:\/\/wipytoys-studio.fr\/index.php?rest_route=\/wp\/v2\/types\/product"}],"replies":[{"embeddable":true,"href":"https:\/\/wipytoys-studio.fr\/index.php?rest_route=%2Fwp%2Fv2%2Fcomments&post=101"}],"version-history":[{"count":14,"href":"https:\/\/wipytoys-studio.fr\/index.php?rest_route=\/wp\/v2\/product\/101\/revisions"}],"predecessor-version":[{"id":4848,"href":"https:\/\/wipytoys-studio.fr\/index.php?rest_route=\/wp\/v2\/product\/101\/revisions\/4848"}],"wp:featuredmedia":[{"embeddable":true,"href":"https:\/\/wipytoys-studio.fr\/index.php?rest_route=\/wp\/v2\/media\/751"}],"wp:attachment":[{"href":"https:\/\/wipytoys-studio.fr\/index.php?rest_route=%2Fwp%2Fv2%2Fmedia&parent=101"}],"wp:term":[{"taxonomy":"product_brand","embeddable":true,"href":"https:\/\/wipytoys-studio.fr\/index.php?rest_route=%2Fwp%2Fv2%2Fproduct_brand&post=101"},{"taxonomy":"product_cat","embeddable":true,"href":"https:\/\/wipytoys-studio.fr\/index.php?rest_route=%2Fwp%2Fv2%2Fproduct_cat&post=101"},{"taxonomy":"product_tag","embeddable":true,"href":"https:\/\/wipytoys-studio.fr\/index.php?rest_route=%2Fwp%2Fv2%2Fproduct_tag&post=101"}],"curies":[{"name":"wp","href":"https:\/\/api.w.org\/{rel}","templated":true}]}}