{"id":157,"date":"2016-04-27T20:01:41","date_gmt":"2016-04-27T20:01:41","guid":{"rendered":"https:\/\/oceanwp.org\/underwear\/?page_id=157"},"modified":"2024-05-17T10:39:56","modified_gmt":"2024-05-17T10:39:56","slug":"propos","status":"publish","type":"page","link":"https:\/\/wipytoys-studio.fr\/?page_id=157","title":{"rendered":"A propos"},"content":{"rendered":"\t\t<div data-elementor-type=\"wp-page\" data-elementor-id=\"157\" class=\"elementor elementor-157\">\n\t\t\t\t<div class=\"elementor-element elementor-element-e17ea00 e-flex e-con-boxed wpr-particle-no wpr-jarallax-no wpr-parallax-no wpr-sticky-section-no wpr-equal-height-no e-con e-parent\" data-id=\"e17ea00\" data-element_type=\"container\" data-e-type=\"container\">\n\t\t\t\t\t<div class=\"e-con-inner\">\n\t\t\t\t<div class=\"elementor-element elementor-element-ba86678 elementor-widget elementor-widget-text-editor\" data-id=\"ba86678\" data-element_type=\"widget\" data-e-type=\"widget\" data-widget_type=\"text-editor.default\">\n\t\t\t\t<div class=\"elementor-widget-container\">\n\t\t\t\t\t\t\t\t\t<p>Je suis n\u00e9 \u00e0 Angers (49), le 25 Avril 1965.<\/p><p>Paco, surnomm\u00e9 LA SALAMANDRE NOIRE ! \ud83d\ude42 Un animal amphibien, cr\u00e9pusculaire et nocturne, qui passe une grande partie de sa vie cach\u00e9. Comme la salamandre, j\u2019affectionne particuli\u00e8rement la rocaille et les for\u00eats ombrag\u00e9es. Mon mucus est toxique ! \u00ab Je br\u00fble ma vie, mais ma vie n\u2019est rien de plus qu\u2019une petite mort. C\u2019est l\u2019ultime perspective du non-sens \u00bb.<\/p><p>Pas de style, pas d\u2019\u201c\u00e9cole\u201d et surtout pas d\u2019\u00e9tiquette. Je cr\u00e9e comme je le d\u00e9sire, selon l\u2019humeur et la sant\u00e9 du moment. Sans but v\u00e9ritable, en puisant dans l\u2019inconscient collectif, sans contraintes, sans pudeur, simplement pour oublier le temps\u2026 \u00ab Mes anges ont les ailes froiss\u00e9es, mais je siffle en marchant vers les Cieux. Inspiration divine ou corruption mentale ? \u00bb.<\/p><p>Service national en 1984, base a\u00e9rienne 123\u00a0\u00e0\u00a0Orl\u00e9ans-Bricy. Que devenir ensuite ? En 1985, je souhaite me m\u00e9tamorphoser.<\/p><p>3 ann\u00e9es d\u2019\u00e9tudes (1986-1989)\u00a0\u00e0 l\u2019Ecole d\u2019art graphique et de Communication visuelle\u00a0<a href=\"http:\/\/www.edta-sornas.com\/\">EDTA<\/a>\u00a0Sornas, dans le 1er arrondissement de Paris, entre le Louvre, les colonnes de Buren et le Palais-Royal. Dans le m\u00eame temps, en 1987, j\u2019effectue mes premi\u00e8res armes dans la bande dessin\u00e9e gr\u00e2ce au journal p\u00e9riodique \u00ab Rare &amp; Cher \u00bb cr\u00e9\u00e9 par Charles Imbert (General Slogan) et dans lequel je publie les toutes premi\u00e8res planches des Wipers. Cette br\u00e8ve incursion me permet toutefois de participer \u00e0 la 19\u00e8me Convention de la bande dessin\u00e9e \u00e0 l\u2019Espace Champerret les 24 et 25 octobre.<\/p><p>En 1989 pourtant, je change brusquement de voie pour consacrer 15 ans de ma vie au d\u00e9veloppement de jeux vid\u00e9os ludo-\u00e9ducatifs chez Coktel-Vision \/ Vivendi Universal, sur des titres mythiques tels que les Gobliiins, Adi, Adibou, Adiboud\u2019chou, Playtoons, \u2026 \u00a0aux postes successifs d\u2019illustrateur, d\u2019animateur 2D puis de lead-animateur. En 2003, apr\u00e8s le rachat financier de Vivendi (Jean-Marie Messier) j\u2019effectue un stage intensif d\u2019un mois en mod\u00e9lisation et animation 3D \u00e0 l\u2019\u00c9cole de l\u2019image des Gobelins afin de diriger une \u00e9quipe de 10 animateurs. Mais apr\u00e8s un \u00ab burn-out \u00bb foudroyant sur mon lieu de travail, je quitte d\u00e9finitivement Paris en 2003 pour m\u2019\u00e9tablir \u00e0 Graulhet dans le Tarn.<\/p><p>En 2007 je r\u00e9alise ma premi\u00e8re exposition de peinture \u00e0 l\u2019Office de Tourisme de Graulhet puis les expositions r\u00e9gionales se succ\u00e8dent. Je r\u00e9alise un peu de sculpture et je cr\u00e9e des figurines en r\u00e9sine (Resin kits). Je fonde en 2009 ma micro entreprise, Artcastle-Productions Studio apr\u00e8s une formation de quelques mois chez \u00ab Cr\u00e9er Boutiques de Gestion\/ BGE \u00bb \u00e0 Albi et Saint-Sulpice. Je d\u00e9veloppe quelques programmes, je cr\u00e9e des sites personnalis\u00e9s pour mes clients et des supports de communication visuelle. Mais je dois mettre un terme \u00e0 cette activit\u00e9 chronophage en janvier 2016 apr\u00e8s un second burn-out ! En janvier de la m\u00eame ann\u00e9e, un choix d\u00e9cisif s\u2019impose donc. Sortir du d\u00e9ni, accepter le \u00ab l\u00e2cher-prise \u00bb et tenter de rebondir\u2026 L\u2019expression picturale ne m\u2019inspire plus et je tourne d\u00e9finitivement vers la bande dessin\u00e9e, l\u2019illustration et l\u2019animation !<\/p><p><strong>Il \u00e9tait une fois les Wipers, en 1987 :<\/strong><\/p><p>Pour l\u2019anecdote : \u00ab Un r\u00e9veil en sursaut de bon matin, rue Saint-Maur, \u00e0 Paris. Ces personnages en t\u00eate et leur nom encore grav\u00e9 dans mon esprit. Je me l\u00e8ve dare-dare pour me pr\u00e9cipiter vers le bureau afin de r\u00e9aliser la premi\u00e8re esquisse de ce que deviendront peut-\u00eatre un jours les \u00ab Wipers \u00bb et griffonner ce nom \u00e9trangement associ\u00e9 sur un bout de papier avant que tout ceci ne disparaisse \u00e0 l\u2019\u00e9tat de veille. Les Wipers \u00e9taient n\u00e9s ! Mais pour en faire quoi ?!\u2026 \u00bb<\/p><p>Et\u00a0voil\u00e0 qu\u2019en janvier 2016, alors que rien ne le laissait pr\u00e9sager, les Wipers font leur r\u00e9apparition inattendue. Apr\u00e8s un voyage hors du temps qui aura dur\u00e9 29 ans,\u00a0<em>comme le rapportent les \u00ab\u00a0Rouleaux Sacr\u00e9s\u00a0\u00bb dans l\u2019album\u00a0\u00ab\u00a0Rock\u2019n\u2019Roll-Up !<\/em>*<\/p><p>*\u00a0Introduction parodique de l\u2019album<\/p>\t\t\t\t\t\t\t\t<\/div>\n\t\t\t\t<\/div>\n\t\t\t\t<div class=\"elementor-element elementor-element-15cc579 elementor-widget elementor-widget-image\" data-id=\"15cc579\" data-element_type=\"widget\" data-e-type=\"widget\" data-widget_type=\"image.default\">\n\t\t\t\t<div class=\"elementor-widget-container\">\n\t\t\t\t\t\t\t\t\t\t\t\t\t\t\t<img decoding=\"async\" src=\"https:\/\/wipytoys-studio.fr\/wp-content\/uploads\/elementor\/thumbs\/Ukra02-qon71a8tlxn1gnai6g0ccxho4jo9fbdfs5uzfm6966.webp\" title=\"\" alt=\"\" loading=\"lazy\" \/>\t\t\t\t\t\t\t\t\t\t\t\t\t\t\t<\/div>\n\t\t\t\t<\/div>\n\t\t\t\t\t<\/div>\n\t\t\t\t<\/div>\n\t\t\t\t<\/div>\n\t\t","protected":false},"excerpt":{"rendered":"<p>Je suis n\u00e9 \u00e0 Angers (49), le 25 Avril 1965. Paco, surnomm\u00e9 LA SALAMANDRE NOIRE ! \ud83d\ude42 Un animal amphibien, cr\u00e9pusculaire et nocturne, qui passe une grande partie de sa vie cach\u00e9. Comme la salamandre, j\u2019affectionne particuli\u00e8rement la rocaille et les for\u00eats ombrag\u00e9es. Mon mucus est toxique ! \u00ab Je br\u00fble ma vie, mais ma vie n\u2019est rien de plus qu\u2019une petite mort. C\u2019est l\u2019ultime perspective du non-sens \u00bb. Pas de style, pas d\u2019\u201c\u00e9cole\u201d et surtout pas d\u2019\u00e9tiquette. Je cr\u00e9e comme je le d\u00e9sire, selon l\u2019humeur et la sant\u00e9 du moment. Sans but v\u00e9ritable, en puisant dans l\u2019inconscient collectif, sans contraintes, sans pudeur, simplement pour oublier le temps\u2026 \u00ab Mes anges ont les ailes froiss\u00e9es, mais je siffle en marchant vers les Cieux. Inspiration divine ou corruption mentale ? \u00bb. Service national en 1984, base a\u00e9rienne 123\u00a0\u00e0\u00a0Orl\u00e9ans-Bricy. Que devenir ensuite ? En 1985, je souhaite me m\u00e9tamorphoser. 3 ann\u00e9es d\u2019\u00e9tudes (1986-1989)\u00a0\u00e0 l\u2019Ecole d\u2019art graphique et de Communication visuelle\u00a0EDTA\u00a0Sornas, dans le 1er arrondissement de Paris, entre le Louvre, les colonnes de Buren et le Palais-Royal. Dans le m\u00eame temps, en 1987, j\u2019effectue mes premi\u00e8res armes dans la bande dessin\u00e9e gr\u00e2ce au journal p\u00e9riodique \u00ab Rare &amp; Cher \u00bb cr\u00e9\u00e9 par Charles Imbert (General Slogan) et dans lequel je publie les toutes premi\u00e8res planches des Wipers. Cette br\u00e8ve incursion me permet toutefois de participer \u00e0 la 19\u00e8me Convention de la bande dessin\u00e9e \u00e0 l\u2019Espace Champerret les 24 et 25 octobre. En 1989 pourtant, je change brusquement de voie pour consacrer 15 ans de ma vie au d\u00e9veloppement de jeux vid\u00e9os ludo-\u00e9ducatifs chez Coktel-Vision \/ Vivendi Universal, sur des titres mythiques tels que les Gobliiins, Adi, Adibou, Adiboud\u2019chou, Playtoons, \u2026 \u00a0aux postes successifs d\u2019illustrateur, d\u2019animateur 2D puis de lead-animateur. En 2003, apr\u00e8s le rachat financier de Vivendi (Jean-Marie Messier) j\u2019effectue un stage intensif d\u2019un mois en mod\u00e9lisation et animation 3D \u00e0 l\u2019\u00c9cole de l\u2019image des Gobelins afin de diriger une \u00e9quipe de 10 animateurs. Mais apr\u00e8s un \u00ab burn-out \u00bb foudroyant sur mon lieu de travail, je quitte d\u00e9finitivement Paris en 2003 pour m\u2019\u00e9tablir \u00e0 Graulhet dans le Tarn. En 2007 je r\u00e9alise ma premi\u00e8re exposition de peinture \u00e0 l\u2019Office de Tourisme de Graulhet puis les expositions r\u00e9gionales se succ\u00e8dent. Je r\u00e9alise un peu de sculpture et je cr\u00e9e des figurines en r\u00e9sine (Resin kits). Je fonde en 2009 ma micro entreprise, Artcastle-Productions Studio apr\u00e8s une formation de quelques mois chez \u00ab Cr\u00e9er Boutiques de Gestion\/ BGE \u00bb \u00e0 Albi et Saint-Sulpice. Je d\u00e9veloppe quelques programmes, je cr\u00e9e des sites personnalis\u00e9s pour mes clients et des supports de communication visuelle. Mais je dois mettre un terme \u00e0 cette activit\u00e9 chronophage en janvier 2016 apr\u00e8s un second burn-out ! En janvier de la m\u00eame ann\u00e9e, un choix d\u00e9cisif s\u2019impose donc. Sortir du d\u00e9ni, accepter le \u00ab l\u00e2cher-prise \u00bb et tenter de rebondir\u2026 L\u2019expression picturale ne m\u2019inspire plus et je tourne d\u00e9finitivement vers la bande dessin\u00e9e, l\u2019illustration et l\u2019animation ! Il \u00e9tait une fois les Wipers, en 1987 : Pour l\u2019anecdote : \u00ab Un r\u00e9veil en sursaut de bon matin, rue Saint-Maur, \u00e0 Paris. Ces personnages en t\u00eate et leur nom encore grav\u00e9 dans mon esprit. Je me l\u00e8ve dare-dare pour me pr\u00e9cipiter vers le bureau afin de r\u00e9aliser la premi\u00e8re esquisse de ce que deviendront peut-\u00eatre un jours les \u00ab Wipers \u00bb et griffonner ce nom \u00e9trangement associ\u00e9 sur un bout de papier avant que tout ceci ne disparaisse \u00e0 l\u2019\u00e9tat de veille. Les Wipers \u00e9taient n\u00e9s ! Mais pour en faire quoi ?!\u2026 \u00bb Et\u00a0voil\u00e0 qu\u2019en janvier 2016, alors que rien ne le laissait pr\u00e9sager, les Wipers font leur r\u00e9apparition inattendue. Apr\u00e8s un voyage hors du temps qui aura dur\u00e9 29 ans,\u00a0comme le rapportent les \u00ab\u00a0Rouleaux Sacr\u00e9s\u00a0\u00bb dans l\u2019album\u00a0\u00ab\u00a0Rock\u2019n\u2019Roll-Up !* *\u00a0Introduction parodique de l\u2019album<\/p>\n","protected":false},"author":1,"featured_media":0,"parent":0,"menu_order":0,"comment_status":"closed","ping_status":"closed","template":"","meta":{"ocean_post_layout":"full-width","ocean_both_sidebars_style":"","ocean_both_sidebars_content_width":0,"ocean_both_sidebars_sidebars_width":0,"ocean_sidebar":"","ocean_second_sidebar":"","ocean_disable_margins":"enable","ocean_add_body_class":"","ocean_shortcode_before_top_bar":"","ocean_shortcode_after_top_bar":"","ocean_shortcode_before_header":"","ocean_shortcode_after_header":"","ocean_has_shortcode":"","ocean_shortcode_after_title":"","ocean_shortcode_before_footer_widgets":"","ocean_shortcode_after_footer_widgets":"","ocean_shortcode_before_footer_bottom":"","ocean_shortcode_after_footer_bottom":"","ocean_display_top_bar":"default","ocean_display_header":"default","ocean_header_style":"","ocean_center_header_left_menu":"","ocean_custom_header_template":"","ocean_custom_logo":0,"ocean_custom_retina_logo":0,"ocean_custom_logo_max_width":0,"ocean_custom_logo_tablet_max_width":0,"ocean_custom_logo_mobile_max_width":0,"ocean_custom_logo_max_height":0,"ocean_custom_logo_tablet_max_height":0,"ocean_custom_logo_mobile_max_height":0,"ocean_header_custom_menu":"","ocean_menu_typo_font_family":"","ocean_menu_typo_font_subset":"","ocean_menu_typo_font_size":0,"ocean_menu_typo_font_size_tablet":0,"ocean_menu_typo_font_size_mobile":0,"ocean_menu_typo_font_size_unit":"px","ocean_menu_typo_font_weight":"","ocean_menu_typo_font_weight_tablet":"","ocean_menu_typo_font_weight_mobile":"","ocean_menu_typo_transform":"","ocean_menu_typo_transform_tablet":"","ocean_menu_typo_transform_mobile":"","ocean_menu_typo_line_height":0,"ocean_menu_typo_line_height_tablet":0,"ocean_menu_typo_line_height_mobile":0,"ocean_menu_typo_line_height_unit":"","ocean_menu_typo_spacing":0,"ocean_menu_typo_spacing_tablet":0,"ocean_menu_typo_spacing_mobile":0,"ocean_menu_typo_spacing_unit":"","ocean_menu_link_color":"","ocean_menu_link_color_hover":"","ocean_menu_link_color_active":"","ocean_menu_link_background":"","ocean_menu_link_hover_background":"","ocean_menu_link_active_background":"","ocean_menu_social_links_bg":"","ocean_menu_social_hover_links_bg":"","ocean_menu_social_links_color":"","ocean_menu_social_hover_links_color":"","ocean_disable_title":"default","ocean_disable_heading":"default","ocean_post_title":"","ocean_post_subheading":"","ocean_post_title_style":"","ocean_post_title_background_color":"","ocean_post_title_background":0,"ocean_post_title_bg_image_position":"","ocean_post_title_bg_image_attachment":"","ocean_post_title_bg_image_repeat":"","ocean_post_title_bg_image_size":"","ocean_post_title_height":0,"ocean_post_title_bg_overlay":0.5,"ocean_post_title_bg_overlay_color":"","ocean_disable_breadcrumbs":"default","ocean_breadcrumbs_color":"","ocean_breadcrumbs_separator_color":"","ocean_breadcrumbs_links_color":"","ocean_breadcrumbs_links_hover_color":"","ocean_display_footer_widgets":"default","ocean_display_footer_bottom":"default","ocean_custom_footer_template":"","omw_enable_modal_window":"enable","footnotes":""},"class_list":["post-157","page","type-page","status-publish","hentry","entry","owp-thumbs-layout-horizontal","owp-btn-normal","owp-tabs-layout-horizontal","has-no-thumbnails","has-product-nav"],"jetpack_sharing_enabled":true,"_links":{"self":[{"href":"https:\/\/wipytoys-studio.fr\/index.php?rest_route=\/wp\/v2\/pages\/157","targetHints":{"allow":["GET"]}}],"collection":[{"href":"https:\/\/wipytoys-studio.fr\/index.php?rest_route=\/wp\/v2\/pages"}],"about":[{"href":"https:\/\/wipytoys-studio.fr\/index.php?rest_route=\/wp\/v2\/types\/page"}],"author":[{"embeddable":true,"href":"https:\/\/wipytoys-studio.fr\/index.php?rest_route=\/wp\/v2\/users\/1"}],"replies":[{"embeddable":true,"href":"https:\/\/wipytoys-studio.fr\/index.php?rest_route=%2Fwp%2Fv2%2Fcomments&post=157"}],"version-history":[{"count":13,"href":"https:\/\/wipytoys-studio.fr\/index.php?rest_route=\/wp\/v2\/pages\/157\/revisions"}],"predecessor-version":[{"id":983,"href":"https:\/\/wipytoys-studio.fr\/index.php?rest_route=\/wp\/v2\/pages\/157\/revisions\/983"}],"wp:attachment":[{"href":"https:\/\/wipytoys-studio.fr\/index.php?rest_route=%2Fwp%2Fv2%2Fmedia&parent=157"}],"curies":[{"name":"wp","href":"https:\/\/api.w.org\/{rel}","templated":true}]}}